{"id":482,"date":"2017-12-18T08:57:45","date_gmt":"2017-12-18T07:57:45","guid":{"rendered":"http:\/\/www.mbmwestra.cz\/home\/"},"modified":"2017-12-18T10:52:23","modified_gmt":"2017-12-18T09:52:23","slug":"home","status":"publish","type":"page","link":"https:\/\/www.mbmwestra.cz\/de\/","title":{"rendered":"Home"},"content":{"rendered":"<div class=\"wpb-content-wrapper\">[vc_row full_width=&#8221;stretch_row_content&#8221; content_placement=&#8221;top&#8221; css=&#8221;.vc_custom_1513429114779{margin-top: 0px !important;margin-bottom: 0px !important;padding-top: 110px !important;padding-right: 0px !important;padding-bottom: 0px !important;padding-left: 0px !important;background-image: url(http:\/\/www.mbmwestra.cz\/wp-content\/uploads\/2017\/12\/backgroung_image_home.jpg?id=321) !important;background-position: center !important;background-repeat: no-repeat !important;background-size: cover !important;}&#8221;][vc_column css=&#8221;.vc_custom_1512682745192{margin-bottom: 0px !important;}&#8221;]<style>.vcex-heading.vcex_69f5d44550421{color:#ffffff;font-family:Raleway, sans-serif;font-weight:400;}<\/style><div class=\"vcex-heading vcex-heading-plain vcex-module wpex-heading wpex-text-2xl wpex-text-center vc_custom_1513590575823 westra-max-width vcex_69f5d44550421\"><span class=\"vcex-heading-inner wpex-block\"><span class=\"vcex-heading-text wpex-responsive-txt\" data-max-font-size=\"40\" data-data-min-font-size=\"26\">Auftragsfertigung von pr\u00e4zisen Schwei\u00dfst\u00fccken bis zu 20 Tonnen<\/span><\/span><\/div>[vc_btn title=&#8221;\u00dcBER UNS&#8221; color=&#8221;white&#8221; align=&#8221;center&#8221; css=&#8221;.vc_custom_1513590547553{margin-top: 20px !important;}&#8221; link=&#8221;url:http%3A%2F%2Fwww.mbmwestra.cz%2Fwp%2Fde%2Fkdo-jsme%2F|||&#8221;][vc_row_inner css=&#8221;.vc_custom_1512682708046{margin-top: 110px !important;margin-right: -15px !important;margin-bottom: 0px !important;margin-left: -15px !important;padding-top: 30px !important;padding-bottom: 30px !important;background-color: rgba(0,0,0,0.65) !important;*background-color: rgb(0,0,0) !important;}&#8221;][vc_column_inner css=&#8221;.vc_custom_1512682646396{margin-bottom: 0px !important;}&#8221;][vc_column_text font_family=&#8221;Raleway&#8221; color=&#8221;#ffffff&#8221; font_size=&#8221;20&#8243;]\n<p style=\"text-align: center;\">Wir stellen ma\u00dfgeschneiderte Maschinen und Anlagen bereits seit dem Jahre 1993 her<\/p>\n[\/vc_column_text][\/vc_column_inner][\/vc_row_inner][\/vc_column][\/vc_row][vc_row css=&#8221;.vc_custom_1512738740057{margin-top: 40px !important;}&#8221;][vc_column width=&#8221;1\/4&#8243; offset=&#8221;vc_col-xs-6&#8243;][vc_single_image image=&#8221;209&#8243; img_size=&#8221;westra-icon&#8221; alignment=&#8221;center&#8221;][vc_custom_heading text=&#8221;SANDSTRAHLEN&#8221; font_container=&#8221;tag:h3|font_size:20|text_align:center|color:%2300416e&#8221; use_theme_fonts=&#8221;yes&#8221;][\/vc_column][vc_column width=&#8221;1\/4&#8243;][vc_single_image image=&#8221;208&#8243; img_size=&#8221;westra-icon&#8221; alignment=&#8221;center&#8221;][vc_custom_heading text=&#8221;WERKSTOFFTRENNUNG&#8221; font_container=&#8221;tag:h3|font_size:20|text_align:center|color:%2300416e&#8221; use_theme_fonts=&#8221;yes&#8221;][\/vc_column][vc_column width=&#8221;1\/4&#8243; offset=&#8221;vc_col-xs-6&#8243;][vc_single_image image=&#8221;207&#8243; img_size=&#8221;westra-icon&#8221; alignment=&#8221;center&#8221;][vc_custom_heading text=&#8221;HERSTELLUNG VON BAUTEILEN&#8221; font_container=&#8221;tag:h3|font_size:20|text_align:center|color:%2300416e&#8221; use_theme_fonts=&#8221;yes&#8221;][\/vc_column][vc_column width=&#8221;1\/4&#8243; offset=&#8221;vc_col-xs-6&#8243;][vc_single_image image=&#8221;206&#8243; img_size=&#8221;westra-icon&#8221; alignment=&#8221;center&#8221;][vc_custom_heading text=&#8221;SCHWEI\u00dfEN&#8221; font_container=&#8221;tag:h3|font_size:20|text_align:center|color:%2300416e&#8221; use_theme_fonts=&#8221;yes&#8221;][\/vc_column][\/vc_row][vc_row css=&#8221;.vc_custom_1512739142252{margin-top: 0px !important;}&#8221;][vc_column width=&#8221;1\/4&#8243; offset=&#8221;vc_col-xs-6&#8243;][vc_single_image image=&#8221;205&#8243; img_size=&#8221;westra-icon&#8221; alignment=&#8221;center&#8221;][vc_custom_heading text=&#8221;BEARBEITUNG&#8221; font_container=&#8221;tag:h3|font_size:20|text_align:center|color:%2300416e&#8221; use_theme_fonts=&#8221;yes&#8221;][\/vc_column][vc_column width=&#8221;1\/4&#8243; offset=&#8221;vc_col-xs-6&#8243;][vc_single_image image=&#8221;204&#8243; img_size=&#8221;westra-icon&#8221; alignment=&#8221;center&#8221;][vc_custom_heading text=&#8221;LACKIERUNG&#8221; font_container=&#8221;tag:h3|font_size:20|text_align:center|color:%2300416e&#8221; use_theme_fonts=&#8221;yes&#8221;][\/vc_column][vc_column width=&#8221;1\/4&#8243; offset=&#8221;vc_col-xs-6&#8243;][vc_single_image image=&#8221;203&#8243; img_size=&#8221;westra-icon&#8221; alignment=&#8221;center&#8221;][vc_custom_heading text=&#8221;MONTAGE&#8221; font_container=&#8221;tag:h3|font_size:20|text_align:center|color:%2300416e&#8221; use_theme_fonts=&#8221;yes&#8221;][\/vc_column][vc_column width=&#8221;1\/4&#8243; offset=&#8221;vc_col-xs-6&#8243;][vc_single_image image=&#8221;202&#8243; img_size=&#8221;westra-icon&#8221; alignment=&#8221;center&#8221;][vc_custom_heading text=&#8221;AUSLIEFERUNG&#8221; font_container=&#8221;tag:h3|font_size:20|text_align:center|color:%2300416e&#8221; use_theme_fonts=&#8221;yes&#8221;][\/vc_column][\/vc_row][vc_row full_width=&#8221;stretch_row&#8221; content_placement=&#8221;top&#8221; css=&#8221;.vc_custom_1512685498235{padding-top: 40px !important;background-color: #00416e !important;}&#8221;][vc_column width=&#8221;1\/2&#8243; css=&#8221;.vc_custom_1512900717048{margin-bottom: 0px !important;}&#8221; el_class=&#8221;westra-mobile-mb-40&#8243;][vc_column_text color=&#8221;#ffffff&#8221; line_height=&#8221;1.2&#8243; el_class=&#8221;westra-pl-100&#8243;]<img loading=\"lazy\" decoding=\"async\" class=\"alignleft size-full wp-image-192\" src=\"http:\/\/www.mbmwestra.cz\/wp-content\/uploads\/2017\/12\/foto_hucek.png\" alt=\"\" width=\"100\" height=\"100\" srcset=\"https:\/\/www.mbmwestra.cz\/wp-content\/uploads\/2017\/12\/foto_hucek.png 100w, https:\/\/www.mbmwestra.cz\/wp-content\/uploads\/2017\/12\/foto_hucek-80x80.png 80w\" sizes=\"auto, (max-width: 100px) 100vw, 100px\" \/>&#8220;Durch die kontinuierliche Verbesserung des Herstellungsprozesses und der Produktionsorganisation sowie durch die Modernisierung der technologischen Ausr\u00fcstung m\u00f6chten wir dauerhaft ein attraktiver Partner f\u00fcr unsere Kunden bleiben.&#8221;<\/p>\n<p><em>Ing. V\u00e1clav Hucek, gesch\u00e4ftsf\u00fchrer<\/em>[\/vc_column_text][\/vc_column][vc_column width=&#8221;1\/2&#8243;][vc_column_text color=&#8221;#ffffff&#8221; line_height=&#8221;1.2&#8243; el_class=&#8221;westra-pl-100&#8243;]<img loading=\"lazy\" decoding=\"async\" class=\"alignleft size-full wp-image-193\" src=\"http:\/\/www.mbmwestra.cz\/wp-content\/uploads\/2017\/12\/foto_tomicek.png\" alt=\"\" width=\"100\" height=\"100\" srcset=\"https:\/\/www.mbmwestra.cz\/wp-content\/uploads\/2017\/12\/foto_tomicek.png 100w, https:\/\/www.mbmwestra.cz\/wp-content\/uploads\/2017\/12\/foto_tomicek-80x80.png 80w\" sizes=\"auto, (max-width: 100px) 100vw, 100px\" \/>&#8220;Die Qualit\u00e4t ist in ihrer Gesamtheit zu betrachten. Sie betrifft uns alle, abgesehen davon, an welcher Stelle des Herstellungsprozesses von der technischen Vorbereitung bis hin zur Auslieferung wir arbeiten.&#8221;<\/p>\n<p><em>Jarom\u00edr Tom\u00ed\u010dek, qualit\u00e4tsleiter<\/em>[\/vc_column_text][\/vc_column][\/vc_row]\n<\/div>","protected":false},"excerpt":{"rendered":"<p>[vc_row full_width=&#8221;stretch_row_content&#8221; content_placement=&#8221;top&#8221; css=&#8221;.vc_custom_1513429114779{margin-top: 0px !important;margin-bottom: 0px !important;padding-top: 110px !important;padding-right: 0px !important;padding-bottom: 0px !important;padding-left: 0px !important;background-image: url(http:\/\/www.mbmwestra.cz\/wp-content\/uploads\/2017\/12\/backgroung_image_home.jpg?id=321) !important;background-position: center !important;background-repeat: no-repeat !important;background-size: cover !important;}&#8221;][vc_column css=&#8221;.vc_custom_1512682745192{margin-bottom: 0px !important;}&#8221;][vc_btn title=&#8221;\u00dcBER UNS&#8221; color=&#8221;white&#8221; align=&#8221;center&#8221; css=&#8221;.vc_custom_1513590547553{margin-top: 20px !important;}&#8221; link=&#8221;url:http%3A%2F%2Fwww.mbmwestra.cz%2Fwp%2Fde%2Fkdo-jsme%2F|||&#8221;][vc_row_inner css=&#8221;.vc_custom_1512682708046{margin-top: 110px !important;margin-right: -15px !important;margin-bottom: 0px !important;margin-left: -15px !important;padding-top: 30px !important;padding-bottom: 30px !important;background-color: rgba(0,0,0,0.65) !important;*background-color: rgb(0,0,0) !important;}&#8221;][vc_column_inner css=&#8221;.vc_custom_1512682646396{margin-bottom: 0px !important;}&#8221;][vc_column_text&hellip;<\/p>\n","protected":false},"author":1,"featured_media":0,"parent":0,"menu_order":0,"comment_status":"closed","ping_status":"closed","template":"","meta":{"footnotes":""},"class_list":["post-482","page","type-page","status-publish","hentry","entry","no-media"],"yoast_head":"<!-- This site is optimized with the Yoast SEO plugin v27.5 - https:\/\/yoast.com\/product\/yoast-seo-wordpress\/ -->\n<title>Home - MBM WESTRA s.r.o.<\/title>\n<meta name=\"robots\" content=\"index, follow, max-snippet:-1, max-image-preview:large, max-video-preview:-1\" \/>\n<link rel=\"canonical\" href=\"https:\/\/www.mbmwestra.cz\/de\/\" \/>\n<meta property=\"og:locale\" content=\"de_DE\" \/>\n<meta property=\"og:type\" content=\"article\" \/>\n<meta property=\"og:title\" content=\"Home - MBM WESTRA s.r.o.\" \/>\n<meta property=\"og:description\" content=\"[vc_row full_width=&#8221;stretch_row_content&#8221; content_placement=&#8221;top&#8221; css=&#8221;.vc_custom_1513429114779{margin-top: 0px !important;margin-bottom: 0px !important;padding-top: 110px !important;padding-right: 0px !important;padding-bottom: 0px !important;padding-left: 0px !important;background-image: url(http:\/\/www.mbmwestra.cz\/wp-content\/uploads\/2017\/12\/backgroung_image_home.jpg?id=321) !important;background-position: center !important;background-repeat: no-repeat !important;background-size: cover !important;}&#8221;][vc_column css=&#8221;.vc_custom_1512682745192{margin-bottom: 0px !important;}&#8221;][vc_btn title=&#8221;\u00dcBER UNS&#8221; color=&#8221;white&#8221; align=&#8221;center&#8221; css=&#8221;.vc_custom_1513590547553{margin-top: 20px !important;}&#8221; link=&#8221;url:http%3A%2F%2Fwww.mbmwestra.cz%2Fwp%2Fde%2Fkdo-jsme%2F|||&#8221;][vc_row_inner css=&#8221;.vc_custom_1512682708046{margin-top: 110px !important;margin-right: -15px !important;margin-bottom: 0px !important;margin-left: -15px !important;padding-top: 30px !important;padding-bottom: 30px !important;background-color: rgba(0,0,0,0.65) !important;*background-color: rgb(0,0,0) !important;}&#8221;][vc_column_inner css=&#8221;.vc_custom_1512682646396{margin-bottom: 0px !important;}&#8221;][vc_column_text&hellip;\" \/>\n<meta property=\"og:url\" content=\"https:\/\/www.mbmwestra.cz\/de\/\" \/>\n<meta property=\"og:site_name\" content=\"MBM WESTRA s.r.o.\" \/>\n<meta property=\"article:modified_time\" content=\"2017-12-18T09:52:23+00:00\" \/>\n<meta property=\"og:image\" content=\"http:\/\/www.mbmwestra.cz\/wp-content\/uploads\/2017\/12\/foto_hucek.png\" \/>\n<meta name=\"twitter:card\" content=\"summary_large_image\" \/>\n<meta name=\"twitter:label1\" content=\"Est. reading time\" \/>\n\t<meta name=\"twitter:data1\" content=\"3 minutes\" \/>\n<script type=\"application\/ld+json\" class=\"yoast-schema-graph\">{\"@context\":\"https:\\\/\\\/schema.org\",\"@graph\":[{\"@type\":\"WebPage\",\"@id\":\"https:\\\/\\\/www.mbmwestra.cz\\\/de\\\/\",\"url\":\"https:\\\/\\\/www.mbmwestra.cz\\\/de\\\/\",\"name\":\"Home - MBM WESTRA s.r.o.\",\"isPartOf\":{\"@id\":\"https:\\\/\\\/www.mbmwestra.cz\\\/de\\\/#website\"},\"primaryImageOfPage\":{\"@id\":\"https:\\\/\\\/www.mbmwestra.cz\\\/de\\\/#primaryimage\"},\"image\":{\"@id\":\"https:\\\/\\\/www.mbmwestra.cz\\\/de\\\/#primaryimage\"},\"thumbnailUrl\":\"http:\\\/\\\/www.mbmwestra.cz\\\/wp-content\\\/uploads\\\/2017\\\/12\\\/foto_hucek.png\",\"datePublished\":\"2017-12-18T07:57:45+00:00\",\"dateModified\":\"2017-12-18T09:52:23+00:00\",\"breadcrumb\":{\"@id\":\"https:\\\/\\\/www.mbmwestra.cz\\\/de\\\/#breadcrumb\"},\"inLanguage\":\"de-DE\",\"potentialAction\":[{\"@type\":\"ReadAction\",\"target\":[\"https:\\\/\\\/www.mbmwestra.cz\\\/de\\\/\"]}]},{\"@type\":\"ImageObject\",\"inLanguage\":\"de-DE\",\"@id\":\"https:\\\/\\\/www.mbmwestra.cz\\\/de\\\/#primaryimage\",\"url\":\"http:\\\/\\\/www.mbmwestra.cz\\\/wp-content\\\/uploads\\\/2017\\\/12\\\/foto_hucek.png\",\"contentUrl\":\"http:\\\/\\\/www.mbmwestra.cz\\\/wp-content\\\/uploads\\\/2017\\\/12\\\/foto_hucek.png\"},{\"@type\":\"BreadcrumbList\",\"@id\":\"https:\\\/\\\/www.mbmwestra.cz\\\/de\\\/#breadcrumb\",\"itemListElement\":[{\"@type\":\"ListItem\",\"position\":1,\"name\":\"Home\",\"item\":\"https:\\\/\\\/www.mbmwestra.cz\\\/de\\\/\"},{\"@type\":\"ListItem\",\"position\":2,\"name\":\"Home\"}]},{\"@type\":\"WebSite\",\"@id\":\"https:\\\/\\\/www.mbmwestra.cz\\\/de\\\/#website\",\"url\":\"https:\\\/\\\/www.mbmwestra.cz\\\/de\\\/\",\"name\":\"MBM WESTRA s.r.o.\",\"description\":\"V\u00fdroba stroj\u016f a \u010d\u00e1st\u00ed za\u0159\u00edzen\u00ed na zak\u00e1zku\",\"publisher\":{\"@id\":\"https:\\\/\\\/www.mbmwestra.cz\\\/de\\\/#organization\"},\"potentialAction\":[{\"@type\":\"SearchAction\",\"target\":{\"@type\":\"EntryPoint\",\"urlTemplate\":\"https:\\\/\\\/www.mbmwestra.cz\\\/de\\\/?s={search_term_string}\"},\"query-input\":{\"@type\":\"PropertyValueSpecification\",\"valueRequired\":true,\"valueName\":\"search_term_string\"}}],\"inLanguage\":\"de-DE\"},{\"@type\":\"Organization\",\"@id\":\"https:\\\/\\\/www.mbmwestra.cz\\\/de\\\/#organization\",\"name\":\"MBM WESTRA s.r.o.\",\"url\":\"https:\\\/\\\/www.mbmwestra.cz\\\/de\\\/\",\"logo\":{\"@type\":\"ImageObject\",\"inLanguage\":\"de-DE\",\"@id\":\"https:\\\/\\\/www.mbmwestra.cz\\\/de\\\/#\\\/schema\\\/logo\\\/image\\\/\",\"url\":\"http:\\\/\\\/www.mbmwestra.cz\\\/wp-content\\\/uploads\\\/2019\\\/10\\\/westra_logo_dark_RGB.png\",\"contentUrl\":\"http:\\\/\\\/www.mbmwestra.cz\\\/wp-content\\\/uploads\\\/2019\\\/10\\\/westra_logo_dark_RGB.png\",\"width\":3151,\"height\":527,\"caption\":\"MBM WESTRA s.r.o.\"},\"image\":{\"@id\":\"https:\\\/\\\/www.mbmwestra.cz\\\/de\\\/#\\\/schema\\\/logo\\\/image\\\/\"}}]}<\/script>\n<!-- \/ Yoast SEO plugin. -->","yoast_head_json":{"title":"Home - MBM WESTRA s.r.o.","robots":{"index":"index","follow":"follow","max-snippet":"max-snippet:-1","max-image-preview":"max-image-preview:large","max-video-preview":"max-video-preview:-1"},"canonical":"https:\/\/www.mbmwestra.cz\/de\/","og_locale":"de_DE","og_type":"article","og_title":"Home - MBM WESTRA s.r.o.","og_description":"[vc_row full_width=&#8221;stretch_row_content&#8221; content_placement=&#8221;top&#8221; css=&#8221;.vc_custom_1513429114779{margin-top: 0px !important;margin-bottom: 0px !important;padding-top: 110px !important;padding-right: 0px !important;padding-bottom: 0px !important;padding-left: 0px !important;background-image: url(http:\/\/www.mbmwestra.cz\/wp-content\/uploads\/2017\/12\/backgroung_image_home.jpg?id=321) !important;background-position: center !important;background-repeat: no-repeat !important;background-size: cover !important;}&#8221;][vc_column css=&#8221;.vc_custom_1512682745192{margin-bottom: 0px !important;}&#8221;][vc_btn title=&#8221;\u00dcBER UNS&#8221; color=&#8221;white&#8221; align=&#8221;center&#8221; css=&#8221;.vc_custom_1513590547553{margin-top: 20px !important;}&#8221; link=&#8221;url:http%3A%2F%2Fwww.mbmwestra.cz%2Fwp%2Fde%2Fkdo-jsme%2F|||&#8221;][vc_row_inner css=&#8221;.vc_custom_1512682708046{margin-top: 110px !important;margin-right: -15px !important;margin-bottom: 0px !important;margin-left: -15px !important;padding-top: 30px !important;padding-bottom: 30px !important;background-color: rgba(0,0,0,0.65) !important;*background-color: rgb(0,0,0) !important;}&#8221;][vc_column_inner css=&#8221;.vc_custom_1512682646396{margin-bottom: 0px !important;}&#8221;][vc_column_text&hellip;","og_url":"https:\/\/www.mbmwestra.cz\/de\/","og_site_name":"MBM WESTRA s.r.o.","article_modified_time":"2017-12-18T09:52:23+00:00","og_image":[{"url":"http:\/\/www.mbmwestra.cz\/wp-content\/uploads\/2017\/12\/foto_hucek.png","type":"","width":"","height":""}],"twitter_card":"summary_large_image","twitter_misc":{"Est. reading time":"3 minutes"},"schema":{"@context":"https:\/\/schema.org","@graph":[{"@type":"WebPage","@id":"https:\/\/www.mbmwestra.cz\/de\/","url":"https:\/\/www.mbmwestra.cz\/de\/","name":"Home - MBM WESTRA s.r.o.","isPartOf":{"@id":"https:\/\/www.mbmwestra.cz\/de\/#website"},"primaryImageOfPage":{"@id":"https:\/\/www.mbmwestra.cz\/de\/#primaryimage"},"image":{"@id":"https:\/\/www.mbmwestra.cz\/de\/#primaryimage"},"thumbnailUrl":"http:\/\/www.mbmwestra.cz\/wp-content\/uploads\/2017\/12\/foto_hucek.png","datePublished":"2017-12-18T07:57:45+00:00","dateModified":"2017-12-18T09:52:23+00:00","breadcrumb":{"@id":"https:\/\/www.mbmwestra.cz\/de\/#breadcrumb"},"inLanguage":"de-DE","potentialAction":[{"@type":"ReadAction","target":["https:\/\/www.mbmwestra.cz\/de\/"]}]},{"@type":"ImageObject","inLanguage":"de-DE","@id":"https:\/\/www.mbmwestra.cz\/de\/#primaryimage","url":"http:\/\/www.mbmwestra.cz\/wp-content\/uploads\/2017\/12\/foto_hucek.png","contentUrl":"http:\/\/www.mbmwestra.cz\/wp-content\/uploads\/2017\/12\/foto_hucek.png"},{"@type":"BreadcrumbList","@id":"https:\/\/www.mbmwestra.cz\/de\/#breadcrumb","itemListElement":[{"@type":"ListItem","position":1,"name":"Home","item":"https:\/\/www.mbmwestra.cz\/de\/"},{"@type":"ListItem","position":2,"name":"Home"}]},{"@type":"WebSite","@id":"https:\/\/www.mbmwestra.cz\/de\/#website","url":"https:\/\/www.mbmwestra.cz\/de\/","name":"MBM WESTRA s.r.o.","description":"V\u00fdroba stroj\u016f a \u010d\u00e1st\u00ed za\u0159\u00edzen\u00ed na zak\u00e1zku","publisher":{"@id":"https:\/\/www.mbmwestra.cz\/de\/#organization"},"potentialAction":[{"@type":"SearchAction","target":{"@type":"EntryPoint","urlTemplate":"https:\/\/www.mbmwestra.cz\/de\/?s={search_term_string}"},"query-input":{"@type":"PropertyValueSpecification","valueRequired":true,"valueName":"search_term_string"}}],"inLanguage":"de-DE"},{"@type":"Organization","@id":"https:\/\/www.mbmwestra.cz\/de\/#organization","name":"MBM WESTRA s.r.o.","url":"https:\/\/www.mbmwestra.cz\/de\/","logo":{"@type":"ImageObject","inLanguage":"de-DE","@id":"https:\/\/www.mbmwestra.cz\/de\/#\/schema\/logo\/image\/","url":"http:\/\/www.mbmwestra.cz\/wp-content\/uploads\/2019\/10\/westra_logo_dark_RGB.png","contentUrl":"http:\/\/www.mbmwestra.cz\/wp-content\/uploads\/2019\/10\/westra_logo_dark_RGB.png","width":3151,"height":527,"caption":"MBM WESTRA s.r.o."},"image":{"@id":"https:\/\/www.mbmwestra.cz\/de\/#\/schema\/logo\/image\/"}}]}},"_links":{"self":[{"href":"https:\/\/www.mbmwestra.cz\/de\/wp-json\/wp\/v2\/pages\/482","targetHints":{"allow":["GET"]}}],"collection":[{"href":"https:\/\/www.mbmwestra.cz\/de\/wp-json\/wp\/v2\/pages"}],"about":[{"href":"https:\/\/www.mbmwestra.cz\/de\/wp-json\/wp\/v2\/types\/page"}],"author":[{"embeddable":true,"href":"https:\/\/www.mbmwestra.cz\/de\/wp-json\/wp\/v2\/users\/1"}],"replies":[{"embeddable":true,"href":"https:\/\/www.mbmwestra.cz\/de\/wp-json\/wp\/v2\/comments?post=482"}],"version-history":[{"count":6,"href":"https:\/\/www.mbmwestra.cz\/de\/wp-json\/wp\/v2\/pages\/482\/revisions"}],"predecessor-version":[{"id":503,"href":"https:\/\/www.mbmwestra.cz\/de\/wp-json\/wp\/v2\/pages\/482\/revisions\/503"}],"wp:attachment":[{"href":"https:\/\/www.mbmwestra.cz\/de\/wp-json\/wp\/v2\/media?parent=482"}],"curies":[{"name":"wp","href":"https:\/\/api.w.org\/{rel}","templated":true}]}}