{"id":509,"date":"2017-12-18T11:01:20","date_gmt":"2017-12-18T10:01:20","guid":{"rendered":"http:\/\/www.mbmwestra.cz\/?page_id=509"},"modified":"2019-10-15T15:00:40","modified_gmt":"2019-10-15T14:00:40","slug":"download","status":"publish","type":"page","link":"https:\/\/www.mbmwestra.cz\/de\/download\/","title":{"rendered":"Download"},"content":{"rendered":"<div class=\"wpb-content-wrapper\">[vc_row full_width=&#8221;stretch_row&#8221; css=&#8221;.vc_custom_1512860874440{padding-top: 70px !important;padding-bottom: 70px !important;background: #3c3c3c url(http:\/\/www.mbmwestra.cz\/wp-content\/uploads\/2017\/12\/backgroung_image_ke_stazeni.jpg?id=282) !important;background-position: 0 0 !important;background-repeat: no-repeat !important;}&#8221; wpex_bg_position=&#8221;top center&#8221;][vc_column width=&#8221;1\/2&#8243; css=&#8221;.vc_custom_1512856917147{margin-bottom: 0px !important;}&#8221;][vc_custom_heading source=&#8221;post_title&#8221; font_container=&#8221;tag:h1|text_align:left|color:%23ffffff&#8221; use_theme_fonts=&#8221;yes&#8221; css=&#8221;.vc_custom_1512860820419{margin-bottom: 70px !important;}&#8221;][\/vc_column][vc_column width=&#8221;1\/2&#8243; css=&#8221;.vc_custom_1512858542779{margin-bottom: 0px !important;}&#8221;][vc_column_text color=&#8221;#000000&#8243; font_size=&#8221;20&#8243; css=&#8221;.vc_custom_1513591279274{padding-top: 20px !important;padding-right: 20px !important;padding-bottom: 20px !important;padding-left: 20px !important;background-color: #dcaa00 !important;}&#8221;]<strong>Datei<\/strong><span style=\"text-align: right;\">Herunterladen<\/span>[\/vc_column_text]<div class=\"vcex-list_item vcex-module wpex-m-0 wpex-max-w-100 wpex-mb-5 westra-item westra-gray\"><a href=\"http:\/\/www.mbmwestra.cz\/wp-content\/uploads\/2017\/12\/Allgemeine_Gesch\u00e4fts-_und_Vertragsbedingungen.pdf\" class=\"vcex-list-item-link wpex-no-underline\"><div class=\"vcex-list-item-inner wpex-inline-flex wpex-flex-no-wrap\"><div class=\"vcex-list-item-icon wpex-mr-10\"><div class=\"vcex-list-item-icon-inner vcex-icon-wrap wpex-inline-flex wpex-justify-center wpex-items-center wpex-leading-none wpex-child-inherit-color\"><span class=\"wpex-icon--w wpex-icon\" aria-hidden=\"true\"><svg xmlns=\"http:\/\/www.w3.org\/2000\/svg\" viewBox=\"0 0 384 512\"><path d=\"M64 464c-8.8 0-16-7.2-16-16V64c0-8.8 7.2-16 16-16H224v80c0 17.7 14.3 32 32 32h80V448c0 8.8-7.2 16-16 16H64zM64 0C28.7 0 0 28.7 0 64V448c0 35.3 28.7 64 64 64H320c35.3 0 64-28.7 64-64V154.5c0-17-6.7-33.3-18.7-45.3L274.7 18.7C262.7 6.7 246.5 0 229.5 0H64zm56 256c-13.3 0-24 10.7-24 24s10.7 24 24 24H264c13.3 0 24-10.7 24-24s-10.7-24-24-24H120zm0 96c-13.3 0-24 10.7-24 24s10.7 24 24 24H264c13.3 0 24-10.7 24-24s-10.7-24-24-24H120z\"\/><\/svg><\/span><\/div><\/div><div class=\"vcex-list-item-text vcex-content wpex-flex-grow\">Allgemeine Gesch\u00e4fts- und Vertragsbedingungen<\/div><\/div><\/a><\/div><div class=\"vcex-list_item vcex-module wpex-m-0 wpex-max-w-100 wpex-mb-5 westra-item westra-gray\"><a href=\"http:\/\/www.mbmwestra.cz\/wp-content\/uploads\/2019\/10\/\u010cSN-EN-ISO-9001-2016-DE.pdf\" class=\"vcex-list-item-link wpex-no-underline\"><div class=\"vcex-list-item-inner wpex-inline-flex wpex-flex-no-wrap\"><div class=\"vcex-list-item-icon wpex-mr-10\"><div class=\"vcex-list-item-icon-inner vcex-icon-wrap wpex-inline-flex wpex-justify-center wpex-items-center wpex-leading-none wpex-child-inherit-color\"><span class=\"wpex-icon--w wpex-icon\" aria-hidden=\"true\"><svg xmlns=\"http:\/\/www.w3.org\/2000\/svg\" viewBox=\"0 0 384 512\"><path d=\"M64 464c-8.8 0-16-7.2-16-16V64c0-8.8 7.2-16 16-16H224v80c0 17.7 14.3 32 32 32h80V448c0 8.8-7.2 16-16 16H64zM64 0C28.7 0 0 28.7 0 64V448c0 35.3 28.7 64 64 64H320c35.3 0 64-28.7 64-64V154.5c0-17-6.7-33.3-18.7-45.3L274.7 18.7C262.7 6.7 246.5 0 229.5 0H64zm56 256c-13.3 0-24 10.7-24 24s10.7 24 24 24H264c13.3 0 24-10.7 24-24s-10.7-24-24-24H120zm0 96c-13.3 0-24 10.7-24 24s10.7 24 24 24H264c13.3 0 24-10.7 24-24s-10.7-24-24-24H120z\"\/><\/svg><\/span><\/div><\/div><div class=\"vcex-list-item-text vcex-content wpex-flex-grow\">Zertifikat \u010cSN EN ISO 9001:2016<\/div><\/div><\/a><\/div><div class=\"vcex-list_item vcex-module wpex-m-0 wpex-max-w-100 wpex-mb-5 westra-item westra-gray\"><a href=\"http:\/\/www.mbmwestra.cz\/wp-content\/uploads\/2019\/10\/\u010cSN-EN-ISO-3834-2-2006-DE.pdf\" class=\"vcex-list-item-link wpex-no-underline\"><div class=\"vcex-list-item-inner wpex-inline-flex wpex-flex-no-wrap\"><div class=\"vcex-list-item-icon wpex-mr-10\"><div class=\"vcex-list-item-icon-inner vcex-icon-wrap wpex-inline-flex wpex-justify-center wpex-items-center wpex-leading-none wpex-child-inherit-color\"><span class=\"wpex-icon--w wpex-icon\" aria-hidden=\"true\"><svg xmlns=\"http:\/\/www.w3.org\/2000\/svg\" viewBox=\"0 0 384 512\"><path d=\"M64 464c-8.8 0-16-7.2-16-16V64c0-8.8 7.2-16 16-16H224v80c0 17.7 14.3 32 32 32h80V448c0 8.8-7.2 16-16 16H64zM64 0C28.7 0 0 28.7 0 64V448c0 35.3 28.7 64 64 64H320c35.3 0 64-28.7 64-64V154.5c0-17-6.7-33.3-18.7-45.3L274.7 18.7C262.7 6.7 246.5 0 229.5 0H64zm56 256c-13.3 0-24 10.7-24 24s10.7 24 24 24H264c13.3 0 24-10.7 24-24s-10.7-24-24-24H120zm0 96c-13.3 0-24 10.7-24 24s10.7 24 24 24H264c13.3 0 24-10.7 24-24s-10.7-24-24-24H120z\"\/><\/svg><\/span><\/div><\/div><div class=\"vcex-list-item-text vcex-content wpex-flex-grow\">Zertifikat \u010cSN EN ISO 3834-2:2006<\/div><\/div><\/a><\/div><div class=\"vcex-list_item vcex-module wpex-m-0 wpex-max-w-100 wpex-mb-5 westra-item westra-gray\"><a href=\"http:\/\/www.mbmwestra.cz\/wp-content\/uploads\/2019\/10\/EN-1090-1-2009-A1-2011-DE.pdf\" class=\"vcex-list-item-link wpex-no-underline\"><div class=\"vcex-list-item-inner wpex-inline-flex wpex-flex-no-wrap\"><div class=\"vcex-list-item-icon wpex-mr-10\"><div class=\"vcex-list-item-icon-inner vcex-icon-wrap wpex-inline-flex wpex-justify-center wpex-items-center wpex-leading-none wpex-child-inherit-color\"><span class=\"wpex-icon--w wpex-icon\" aria-hidden=\"true\"><svg xmlns=\"http:\/\/www.w3.org\/2000\/svg\" viewBox=\"0 0 384 512\"><path d=\"M64 464c-8.8 0-16-7.2-16-16V64c0-8.8 7.2-16 16-16H224v80c0 17.7 14.3 32 32 32h80V448c0 8.8-7.2 16-16 16H64zM64 0C28.7 0 0 28.7 0 64V448c0 35.3 28.7 64 64 64H320c35.3 0 64-28.7 64-64V154.5c0-17-6.7-33.3-18.7-45.3L274.7 18.7C262.7 6.7 246.5 0 229.5 0H64zm56 256c-13.3 0-24 10.7-24 24s10.7 24 24 24H264c13.3 0 24-10.7 24-24s-10.7-24-24-24H120zm0 96c-13.3 0-24 10.7-24 24s10.7 24 24 24H264c13.3 0 24-10.7 24-24s-10.7-24-24-24H120z\"\/><\/svg><\/span><\/div><\/div><div class=\"vcex-list-item-text vcex-content wpex-flex-grow\">Zertifikat EN 1090-1:2009+A1:2011<\/div><\/div><\/a><\/div><div class=\"vcex-list_item vcex-module wpex-m-0 wpex-max-w-100 wpex-mb-5 westra-item westra-gray\"><a href=\"http:\/\/www.mbmwestra.cz\/wp-content\/uploads\/2019\/10\/\u010cSN-EN-15085-2-CL1-DE.pdf\" class=\"vcex-list-item-link wpex-no-underline\"><div class=\"vcex-list-item-inner wpex-inline-flex wpex-flex-no-wrap\"><div class=\"vcex-list-item-icon wpex-mr-10\"><div class=\"vcex-list-item-icon-inner vcex-icon-wrap wpex-inline-flex wpex-justify-center wpex-items-center wpex-leading-none wpex-child-inherit-color\"><span class=\"wpex-icon--w wpex-icon\" aria-hidden=\"true\"><svg xmlns=\"http:\/\/www.w3.org\/2000\/svg\" viewBox=\"0 0 384 512\"><path d=\"M64 464c-8.8 0-16-7.2-16-16V64c0-8.8 7.2-16 16-16H224v80c0 17.7 14.3 32 32 32h80V448c0 8.8-7.2 16-16 16H64zM64 0C28.7 0 0 28.7 0 64V448c0 35.3 28.7 64 64 64H320c35.3 0 64-28.7 64-64V154.5c0-17-6.7-33.3-18.7-45.3L274.7 18.7C262.7 6.7 246.5 0 229.5 0H64zm56 256c-13.3 0-24 10.7-24 24s10.7 24 24 24H264c13.3 0 24-10.7 24-24s-10.7-24-24-24H120zm0 96c-13.3 0-24 10.7-24 24s10.7 24 24 24H264c13.3 0 24-10.7 24-24s-10.7-24-24-24H120z\"\/><\/svg><\/span><\/div><\/div><div class=\"vcex-list-item-text vcex-content wpex-flex-grow\">Zertifikat EN 15085-2:2007 CL1<\/div><\/div><\/a><\/div>[\/vc_column][\/vc_row]\n<\/div>","protected":false},"excerpt":{"rendered":"<p>[vc_row full_width=&#8221;stretch_row&#8221; css=&#8221;.vc_custom_1512860874440{padding-top: 70px !important;padding-bottom: 70px !important;background: #3c3c3c url(http:\/\/www.mbmwestra.cz\/wp-content\/uploads\/2017\/12\/backgroung_image_ke_stazeni.jpg?id=282) !important;background-position: 0 0 !important;background-repeat: no-repeat !important;}&#8221; wpex_bg_position=&#8221;top center&#8221;][vc_column width=&#8221;1\/2&#8243; css=&#8221;.vc_custom_1512856917147{margin-bottom: 0px !important;}&#8221;][vc_custom_heading source=&#8221;post_title&#8221; font_container=&#8221;tag:h1|text_align:left|color:%23ffffff&#8221; use_theme_fonts=&#8221;yes&#8221; css=&#8221;.vc_custom_1512860820419{margin-bottom: 70px !important;}&#8221;][\/vc_column][vc_column width=&#8221;1\/2&#8243; css=&#8221;.vc_custom_1512858542779{margin-bottom: 0px !important;}&#8221;][vc_column_text color=&#8221;#000000&#8243; font_size=&#8221;20&#8243; css=&#8221;.vc_custom_1513591279274{padding-top: 20px !important;padding-right: 20px !important;padding-bottom: 20px !important;padding-left: 20px !important;background-color: #dcaa00 !important;}&#8221;]DateiHerunterladen[\/vc_column_text][\/vc_column][\/vc_row]<\/p>\n","protected":false},"author":1,"featured_media":0,"parent":0,"menu_order":0,"comment_status":"closed","ping_status":"closed","template":"","meta":{"footnotes":""},"class_list":["post-509","page","type-page","status-publish","hentry","entry","no-media"],"yoast_head":"<!-- This site is optimized with the Yoast SEO plugin v27.4 - https:\/\/yoast.com\/product\/yoast-seo-wordpress\/ -->\n<title>Download - MBM WESTRA s.r.o.<\/title>\n<meta name=\"robots\" content=\"index, follow, max-snippet:-1, max-image-preview:large, max-video-preview:-1\" \/>\n<link rel=\"canonical\" href=\"https:\/\/www.mbmwestra.cz\/de\/download\/\" \/>\n<meta property=\"og:locale\" content=\"de_DE\" \/>\n<meta property=\"og:type\" content=\"article\" \/>\n<meta property=\"og:title\" content=\"Download - MBM WESTRA s.r.o.\" \/>\n<meta property=\"og:description\" content=\"[vc_row full_width=&#8221;stretch_row&#8221; css=&#8221;.vc_custom_1512860874440{padding-top: 70px !important;padding-bottom: 70px !important;background: #3c3c3c url(http:\/\/www.mbmwestra.cz\/wp-content\/uploads\/2017\/12\/backgroung_image_ke_stazeni.jpg?id=282) !important;background-position: 0 0 !important;background-repeat: no-repeat !important;}&#8221; wpex_bg_position=&#8221;top center&#8221;][vc_column width=&#8221;1\/2&#8243; css=&#8221;.vc_custom_1512856917147{margin-bottom: 0px !important;}&#8221;][vc_custom_heading source=&#8221;post_title&#8221; font_container=&#8221;tag:h1|text_align:left|color:%23ffffff&#8221; use_theme_fonts=&#8221;yes&#8221; css=&#8221;.vc_custom_1512860820419{margin-bottom: 70px !important;}&#8221;][\/vc_column][vc_column width=&#8221;1\/2&#8243; css=&#8221;.vc_custom_1512858542779{margin-bottom: 0px !important;}&#8221;][vc_column_text color=&#8221;#000000&#8243; font_size=&#8221;20&#8243; css=&#8221;.vc_custom_1513591279274{padding-top: 20px !important;padding-right: 20px !important;padding-bottom: 20px !important;padding-left: 20px !important;background-color: #dcaa00 !important;}&#8221;]DateiHerunterladen[\/vc_column_text][\/vc_column][\/vc_row]\" \/>\n<meta property=\"og:url\" content=\"https:\/\/www.mbmwestra.cz\/de\/download\/\" \/>\n<meta property=\"og:site_name\" content=\"MBM WESTRA s.r.o.\" \/>\n<meta property=\"article:modified_time\" content=\"2019-10-15T14:00:40+00:00\" \/>\n<meta name=\"twitter:card\" content=\"summary_large_image\" \/>\n<meta name=\"twitter:label1\" content=\"Est. reading time\" \/>\n\t<meta name=\"twitter:data1\" content=\"1 minute\" \/>\n<script type=\"application\/ld+json\" class=\"yoast-schema-graph\">{\"@context\":\"https:\\\/\\\/schema.org\",\"@graph\":[{\"@type\":\"WebPage\",\"@id\":\"https:\\\/\\\/www.mbmwestra.cz\\\/de\\\/download\\\/\",\"url\":\"https:\\\/\\\/www.mbmwestra.cz\\\/de\\\/download\\\/\",\"name\":\"Download - MBM WESTRA s.r.o.\",\"isPartOf\":{\"@id\":\"https:\\\/\\\/www.mbmwestra.cz\\\/de\\\/#website\"},\"datePublished\":\"2017-12-18T10:01:20+00:00\",\"dateModified\":\"2019-10-15T14:00:40+00:00\",\"breadcrumb\":{\"@id\":\"https:\\\/\\\/www.mbmwestra.cz\\\/de\\\/download\\\/#breadcrumb\"},\"inLanguage\":\"de-DE\",\"potentialAction\":[{\"@type\":\"ReadAction\",\"target\":[\"https:\\\/\\\/www.mbmwestra.cz\\\/de\\\/download\\\/\"]}]},{\"@type\":\"BreadcrumbList\",\"@id\":\"https:\\\/\\\/www.mbmwestra.cz\\\/de\\\/download\\\/#breadcrumb\",\"itemListElement\":[{\"@type\":\"ListItem\",\"position\":1,\"name\":\"Home\",\"item\":\"https:\\\/\\\/www.mbmwestra.cz\\\/de\\\/\"},{\"@type\":\"ListItem\",\"position\":2,\"name\":\"Download\"}]},{\"@type\":\"WebSite\",\"@id\":\"https:\\\/\\\/www.mbmwestra.cz\\\/de\\\/#website\",\"url\":\"https:\\\/\\\/www.mbmwestra.cz\\\/de\\\/\",\"name\":\"MBM WESTRA s.r.o.\",\"description\":\"V\u00fdroba stroj\u016f a \u010d\u00e1st\u00ed za\u0159\u00edzen\u00ed na zak\u00e1zku\",\"publisher\":{\"@id\":\"https:\\\/\\\/www.mbmwestra.cz\\\/de\\\/#organization\"},\"potentialAction\":[{\"@type\":\"SearchAction\",\"target\":{\"@type\":\"EntryPoint\",\"urlTemplate\":\"https:\\\/\\\/www.mbmwestra.cz\\\/de\\\/?s={search_term_string}\"},\"query-input\":{\"@type\":\"PropertyValueSpecification\",\"valueRequired\":true,\"valueName\":\"search_term_string\"}}],\"inLanguage\":\"de-DE\"},{\"@type\":\"Organization\",\"@id\":\"https:\\\/\\\/www.mbmwestra.cz\\\/de\\\/#organization\",\"name\":\"MBM WESTRA s.r.o.\",\"url\":\"https:\\\/\\\/www.mbmwestra.cz\\\/de\\\/\",\"logo\":{\"@type\":\"ImageObject\",\"inLanguage\":\"de-DE\",\"@id\":\"https:\\\/\\\/www.mbmwestra.cz\\\/de\\\/#\\\/schema\\\/logo\\\/image\\\/\",\"url\":\"http:\\\/\\\/www.mbmwestra.cz\\\/wp-content\\\/uploads\\\/2019\\\/10\\\/westra_logo_dark_RGB.png\",\"contentUrl\":\"http:\\\/\\\/www.mbmwestra.cz\\\/wp-content\\\/uploads\\\/2019\\\/10\\\/westra_logo_dark_RGB.png\",\"width\":3151,\"height\":527,\"caption\":\"MBM WESTRA s.r.o.\"},\"image\":{\"@id\":\"https:\\\/\\\/www.mbmwestra.cz\\\/de\\\/#\\\/schema\\\/logo\\\/image\\\/\"}}]}<\/script>\n<!-- \/ Yoast SEO plugin. -->","yoast_head_json":{"title":"Download - MBM WESTRA s.r.o.","robots":{"index":"index","follow":"follow","max-snippet":"max-snippet:-1","max-image-preview":"max-image-preview:large","max-video-preview":"max-video-preview:-1"},"canonical":"https:\/\/www.mbmwestra.cz\/de\/download\/","og_locale":"de_DE","og_type":"article","og_title":"Download - MBM WESTRA s.r.o.","og_description":"[vc_row full_width=&#8221;stretch_row&#8221; css=&#8221;.vc_custom_1512860874440{padding-top: 70px !important;padding-bottom: 70px !important;background: #3c3c3c url(http:\/\/www.mbmwestra.cz\/wp-content\/uploads\/2017\/12\/backgroung_image_ke_stazeni.jpg?id=282) !important;background-position: 0 0 !important;background-repeat: no-repeat !important;}&#8221; wpex_bg_position=&#8221;top center&#8221;][vc_column width=&#8221;1\/2&#8243; css=&#8221;.vc_custom_1512856917147{margin-bottom: 0px !important;}&#8221;][vc_custom_heading source=&#8221;post_title&#8221; font_container=&#8221;tag:h1|text_align:left|color:%23ffffff&#8221; use_theme_fonts=&#8221;yes&#8221; css=&#8221;.vc_custom_1512860820419{margin-bottom: 70px !important;}&#8221;][\/vc_column][vc_column width=&#8221;1\/2&#8243; css=&#8221;.vc_custom_1512858542779{margin-bottom: 0px !important;}&#8221;][vc_column_text color=&#8221;#000000&#8243; font_size=&#8221;20&#8243; css=&#8221;.vc_custom_1513591279274{padding-top: 20px !important;padding-right: 20px !important;padding-bottom: 20px !important;padding-left: 20px !important;background-color: #dcaa00 !important;}&#8221;]DateiHerunterladen[\/vc_column_text][\/vc_column][\/vc_row]","og_url":"https:\/\/www.mbmwestra.cz\/de\/download\/","og_site_name":"MBM WESTRA s.r.o.","article_modified_time":"2019-10-15T14:00:40+00:00","twitter_card":"summary_large_image","twitter_misc":{"Est. reading time":"1 minute"},"schema":{"@context":"https:\/\/schema.org","@graph":[{"@type":"WebPage","@id":"https:\/\/www.mbmwestra.cz\/de\/download\/","url":"https:\/\/www.mbmwestra.cz\/de\/download\/","name":"Download - MBM WESTRA s.r.o.","isPartOf":{"@id":"https:\/\/www.mbmwestra.cz\/de\/#website"},"datePublished":"2017-12-18T10:01:20+00:00","dateModified":"2019-10-15T14:00:40+00:00","breadcrumb":{"@id":"https:\/\/www.mbmwestra.cz\/de\/download\/#breadcrumb"},"inLanguage":"de-DE","potentialAction":[{"@type":"ReadAction","target":["https:\/\/www.mbmwestra.cz\/de\/download\/"]}]},{"@type":"BreadcrumbList","@id":"https:\/\/www.mbmwestra.cz\/de\/download\/#breadcrumb","itemListElement":[{"@type":"ListItem","position":1,"name":"Home","item":"https:\/\/www.mbmwestra.cz\/de\/"},{"@type":"ListItem","position":2,"name":"Download"}]},{"@type":"WebSite","@id":"https:\/\/www.mbmwestra.cz\/de\/#website","url":"https:\/\/www.mbmwestra.cz\/de\/","name":"MBM WESTRA s.r.o.","description":"V\u00fdroba stroj\u016f a \u010d\u00e1st\u00ed za\u0159\u00edzen\u00ed na zak\u00e1zku","publisher":{"@id":"https:\/\/www.mbmwestra.cz\/de\/#organization"},"potentialAction":[{"@type":"SearchAction","target":{"@type":"EntryPoint","urlTemplate":"https:\/\/www.mbmwestra.cz\/de\/?s={search_term_string}"},"query-input":{"@type":"PropertyValueSpecification","valueRequired":true,"valueName":"search_term_string"}}],"inLanguage":"de-DE"},{"@type":"Organization","@id":"https:\/\/www.mbmwestra.cz\/de\/#organization","name":"MBM WESTRA s.r.o.","url":"https:\/\/www.mbmwestra.cz\/de\/","logo":{"@type":"ImageObject","inLanguage":"de-DE","@id":"https:\/\/www.mbmwestra.cz\/de\/#\/schema\/logo\/image\/","url":"http:\/\/www.mbmwestra.cz\/wp-content\/uploads\/2019\/10\/westra_logo_dark_RGB.png","contentUrl":"http:\/\/www.mbmwestra.cz\/wp-content\/uploads\/2019\/10\/westra_logo_dark_RGB.png","width":3151,"height":527,"caption":"MBM WESTRA s.r.o."},"image":{"@id":"https:\/\/www.mbmwestra.cz\/de\/#\/schema\/logo\/image\/"}}]}},"_links":{"self":[{"href":"https:\/\/www.mbmwestra.cz\/de\/wp-json\/wp\/v2\/pages\/509","targetHints":{"allow":["GET"]}}],"collection":[{"href":"https:\/\/www.mbmwestra.cz\/de\/wp-json\/wp\/v2\/pages"}],"about":[{"href":"https:\/\/www.mbmwestra.cz\/de\/wp-json\/wp\/v2\/types\/page"}],"author":[{"embeddable":true,"href":"https:\/\/www.mbmwestra.cz\/de\/wp-json\/wp\/v2\/users\/1"}],"replies":[{"embeddable":true,"href":"https:\/\/www.mbmwestra.cz\/de\/wp-json\/wp\/v2\/comments?post=509"}],"version-history":[{"count":13,"href":"https:\/\/www.mbmwestra.cz\/de\/wp-json\/wp\/v2\/pages\/509\/revisions"}],"predecessor-version":[{"id":726,"href":"https:\/\/www.mbmwestra.cz\/de\/wp-json\/wp\/v2\/pages\/509\/revisions\/726"}],"wp:attachment":[{"href":"https:\/\/www.mbmwestra.cz\/de\/wp-json\/wp\/v2\/media?parent=509"}],"curies":[{"name":"wp","href":"https:\/\/api.w.org\/{rel}","templated":true}]}}