{"id":524,"date":"2017-12-18T11:15:36","date_gmt":"2017-12-18T10:15:36","guid":{"rendered":"http:\/\/www.mbmwestra.cz\/?page_id=524"},"modified":"2017-12-18T11:28:47","modified_gmt":"2017-12-18T10:28:47","slug":"kontakt","status":"publish","type":"page","link":"https:\/\/www.mbmwestra.cz\/de\/kontakt\/","title":{"rendered":"Kontakt"},"content":{"rendered":"<div class=\"wpb-content-wrapper\">[vc_row full_width=&#8221;stretch_row_content_no_spaces&#8221;][vc_column][vc_gmaps link=&#8221;#E-8_JTNDaWZyYW1lJTIwc3JjJTNEJTIyaHR0cHMlM0ElMkYlMkZ3d3cuZ29vZ2xlLmNvbSUyRm1hcHMlMkZlbWJlZCUzRnBiJTNEJTIxMW0xOCUyMTFtMTIlMjExbTMlMjExZDE3NTI0LjM1MDgzMjYwMTAzNCUyMTJkMTMuODg0MDc1OTIzNDM4ODAyJTIxM2Q0OS4yMzgyOTMyMjI2NjcyMSUyMTJtMyUyMTFmMCUyMTJmMCUyMTNmMCUyMTNtMiUyMTFpMTAyNCUyMTJpNzY4JTIxNGYxMy4xJTIxM20zJTIxMW0yJTIxMXMweDQ3MGIzNWJkMTBiZGU1MjklMjUzQTB4M2RkZDFlNzI3MTBmMmNkNCUyMTJzTUJNJTJCV2VzdHJhJTJCUy5yLm8uJTIxNWUwJTIxM20yJTIxMXNjcyUyMTJzY3olMjE0djE1MTI3Mzk0NDY5MjIlMjIlMjB3aWR0aCUzRCUyMjYwMCUyMiUyMGhlaWdodCUzRCUyMjQ1MCUyMiUyMGZyYW1lYm9yZGVyJTNEJTIyMCUyMiUyMHN0eWxlJTNEJTIyYm9yZGVyJTNBMCUyMiUyMGFsbG93ZnVsbHNjcmVlbiUzRSUzQyUyRmlmcmFtZSUzRQ==&#8221;][\/vc_column][\/vc_row][vc_row column_spacing=&#8221;60&#8243; css=&#8221;.vc_custom_1512902206950{padding-right: 15px !important;padding-left: 15px !important;}&#8221;][vc_column width=&#8221;2\/3&#8243; css=&#8221;.vc_custom_1512902315010{padding-right: 30px !important;padding-left: 30px !important;}&#8221;][vc_custom_heading text=&#8221;Schreiben Sie uns&#8221; use_theme_fonts=&#8221;yes&#8221; css=&#8221;.vc_custom_1513592114696{margin-bottom: 30px !important;}&#8221;]\n<div class=\"wpcf7 no-js\" id=\"wpcf7-f543-o1\" lang=\"en-US\" dir=\"ltr\" data-wpcf7-id=\"543\">\n<div class=\"screen-reader-response\"><p role=\"status\" aria-live=\"polite\" aria-atomic=\"true\"><\/p> <ul><\/ul><\/div>\n<form action=\"\/de\/wp-json\/wp\/v2\/pages\/524#wpcf7-f543-o1\" method=\"post\" class=\"wpcf7-form init\" aria-label=\"Contact form\" novalidate=\"novalidate\" data-status=\"init\">\n<fieldset class=\"hidden-fields-container\"><input type=\"hidden\" name=\"_wpcf7\" value=\"543\" \/><input type=\"hidden\" name=\"_wpcf7_version\" value=\"6.1.5\" \/><input type=\"hidden\" name=\"_wpcf7_locale\" value=\"en_US\" \/><input type=\"hidden\" name=\"_wpcf7_unit_tag\" value=\"wpcf7-f543-o1\" \/><input type=\"hidden\" name=\"_wpcf7_container_post\" value=\"0\" \/><input type=\"hidden\" name=\"_wpcf7_posted_data_hash\" value=\"\" \/>\n<\/fieldset>\n<p class=\"one-half first\">Vor- und Nachname<span class=\"wpcf7-form-control-wrap\" data-name=\"your-name\"><input size=\"40\" maxlength=\"400\" class=\"wpcf7-form-control wpcf7-text wpcf7-validates-as-required required\" aria-required=\"true\" aria-invalid=\"false\" placeholder=\"Ihr Name\" value=\"\" type=\"text\" name=\"your-name\" \/><\/span>\n<\/p>\n<p class=\"one-half\">E-Mail<span class=\"wpcf7-form-control-wrap\" data-name=\"your-email\"><input size=\"40\" maxlength=\"400\" class=\"wpcf7-form-control wpcf7-email wpcf7-validates-as-required wpcf7-text wpcf7-validates-as-email required\" aria-required=\"true\" aria-invalid=\"false\" placeholder=\"Kontakt\" value=\"\" type=\"email\" name=\"your-email\" \/><\/span>\n<\/p>\n<p>Raum f\u00fcr Ihre Nachricht<span class=\"wpcf7-form-control-wrap\" data-name=\"your-message\"><textarea cols=\"40\" rows=\"10\" maxlength=\"2000\" class=\"wpcf7-form-control wpcf7-textarea\" aria-invalid=\"false\" placeholder=\"Ihre Nachricht\" name=\"your-message\"><\/textarea><\/span>\n<\/p>\n<p><input class=\"wpcf7-form-control wpcf7-submit has-spinner\" type=\"submit\" value=\"Absenden\" \/>\n<\/p><div class=\"wpcf7-response-output\" aria-hidden=\"true\"><\/div>\n<\/form>\n<\/div>\n[\/vc_column][vc_column width=&#8221;1\/3&#8243;][vc_custom_heading text=&#8221;Kontakte&#8221; use_theme_fonts=&#8221;yes&#8221; css=&#8221;.vc_custom_1513592125127{margin-bottom: 30px !important;}&#8221;][vc_column_text line_height=&#8221;1.2&#8243;]MBM WESTRA s.r.o.<br \/>\nSousedovice 61, 386 01 Sousedovice<br \/>\n\u010cesk\u00e1 republika<\/p>\n<p>Tel.: +420 383 321 490<br \/>\nTel.: +420 774 905 010<br \/>\nEmail: <a href=\"mailto:westra@mbmwestra.cz\">westra@mbmwestra.cz<\/a><br \/>\nWeb: <a href=\"http:\/\/www.mbmwestra.cz\">http:\/\/www.mbmwestra.cz<\/a><\/p>\n<p>Id.-Nr.: 60066130<br \/>\nUst.-Id.-Nr.: CZ60066130[\/vc_column_text][\/vc_column][\/vc_row]\n<\/div>","protected":false},"excerpt":{"rendered":"<p>[vc_row full_width=&#8221;stretch_row_content_no_spaces&#8221;][vc_column][vc_gmaps link=&#8221;#E-8_JTNDaWZyYW1lJTIwc3JjJTNEJTIyaHR0cHMlM0ElMkYlMkZ3d3cuZ29vZ2xlLmNvbSUyRm1hcHMlMkZlbWJlZCUzRnBiJTNEJTIxMW0xOCUyMTFtMTIlMjExbTMlMjExZDE3NTI0LjM1MDgzMjYwMTAzNCUyMTJkMTMuODg0MDc1OTIzNDM4ODAyJTIxM2Q0OS4yMzgyOTMyMjI2NjcyMSUyMTJtMyUyMTFmMCUyMTJmMCUyMTNmMCUyMTNtMiUyMTFpMTAyNCUyMTJpNzY4JTIxNGYxMy4xJTIxM20zJTIxMW0yJTIxMXMweDQ3MGIzNWJkMTBiZGU1MjklMjUzQTB4M2RkZDFlNzI3MTBmMmNkNCUyMTJzTUJNJTJCV2VzdHJhJTJCUy5yLm8uJTIxNWUwJTIxM20yJTIxMXNjcyUyMTJzY3olMjE0djE1MTI3Mzk0NDY5MjIlMjIlMjB3aWR0aCUzRCUyMjYwMCUyMiUyMGhlaWdodCUzRCUyMjQ1MCUyMiUyMGZyYW1lYm9yZGVyJTNEJTIyMCUyMiUyMHN0eWxlJTNEJTIyYm9yZGVyJTNBMCUyMiUyMGFsbG93ZnVsbHNjcmVlbiUzRSUzQyUyRmlmcmFtZSUzRQ==&#8221;][\/vc_column][\/vc_row][vc_row column_spacing=&#8221;60&#8243; css=&#8221;.vc_custom_1512902206950{padding-right: 15px !important;padding-left: 15px !important;}&#8221;][vc_column width=&#8221;2\/3&#8243; css=&#8221;.vc_custom_1512902315010{padding-right: 30px !important;padding-left: 30px !important;}&#8221;][vc_custom_heading text=&#8221;Schreiben Sie uns&#8221; use_theme_fonts=&#8221;yes&#8221; css=&#8221;.vc_custom_1513592114696{margin-bottom: 30px !important;}&#8221;][\/vc_column][vc_column width=&#8221;1\/3&#8243;][vc_custom_heading text=&#8221;Kontakte&#8221; use_theme_fonts=&#8221;yes&#8221; css=&#8221;.vc_custom_1513592125127{margin-bottom: 30px !important;}&#8221;][vc_column_text line_height=&#8221;1.2&#8243;]MBM WESTRA s.r.o. Sousedovice 61, 386 01 Sousedovice \u010cesk\u00e1 republika Tel.: +420 383 321 490 Tel.: +420 774 905 010 Email: westra@mbmwestra.cz Web: http:\/\/www.mbmwestra.cz Id.-Nr.: 60066130 Ust.-Id.-Nr.:&hellip;<\/p>\n","protected":false},"author":1,"featured_media":0,"parent":0,"menu_order":0,"comment_status":"closed","ping_status":"closed","template":"","meta":{"footnotes":""},"class_list":["post-524","page","type-page","status-publish","hentry","entry","no-media"],"yoast_head":"<!-- This site is optimized with the Yoast SEO plugin v27.5 - https:\/\/yoast.com\/product\/yoast-seo-wordpress\/ -->\n<title>Kontakt - MBM WESTRA s.r.o.<\/title>\n<meta name=\"robots\" content=\"index, follow, max-snippet:-1, max-image-preview:large, max-video-preview:-1\" \/>\n<link rel=\"canonical\" href=\"https:\/\/www.mbmwestra.cz\/de\/kontakt\/\" \/>\n<meta property=\"og:locale\" content=\"de_DE\" \/>\n<meta property=\"og:type\" content=\"article\" \/>\n<meta property=\"og:title\" content=\"Kontakt - MBM WESTRA s.r.o.\" \/>\n<meta property=\"og:description\" content=\"[vc_row full_width=&#8221;stretch_row_content_no_spaces&#8221;][vc_column][vc_gmaps link=&#8221;#E-8_JTNDaWZyYW1lJTIwc3JjJTNEJTIyaHR0cHMlM0ElMkYlMkZ3d3cuZ29vZ2xlLmNvbSUyRm1hcHMlMkZlbWJlZCUzRnBiJTNEJTIxMW0xOCUyMTFtMTIlMjExbTMlMjExZDE3NTI0LjM1MDgzMjYwMTAzNCUyMTJkMTMuODg0MDc1OTIzNDM4ODAyJTIxM2Q0OS4yMzgyOTMyMjI2NjcyMSUyMTJtMyUyMTFmMCUyMTJmMCUyMTNmMCUyMTNtMiUyMTFpMTAyNCUyMTJpNzY4JTIxNGYxMy4xJTIxM20zJTIxMW0yJTIxMXMweDQ3MGIzNWJkMTBiZGU1MjklMjUzQTB4M2RkZDFlNzI3MTBmMmNkNCUyMTJzTUJNJTJCV2VzdHJhJTJCUy5yLm8uJTIxNWUwJTIxM20yJTIxMXNjcyUyMTJzY3olMjE0djE1MTI3Mzk0NDY5MjIlMjIlMjB3aWR0aCUzRCUyMjYwMCUyMiUyMGhlaWdodCUzRCUyMjQ1MCUyMiUyMGZyYW1lYm9yZGVyJTNEJTIyMCUyMiUyMHN0eWxlJTNEJTIyYm9yZGVyJTNBMCUyMiUyMGFsbG93ZnVsbHNjcmVlbiUzRSUzQyUyRmlmcmFtZSUzRQ==&#8221;][\/vc_column][\/vc_row][vc_row column_spacing=&#8221;60&#8243; css=&#8221;.vc_custom_1512902206950{padding-right: 15px !important;padding-left: 15px !important;}&#8221;][vc_column width=&#8221;2\/3&#8243; css=&#8221;.vc_custom_1512902315010{padding-right: 30px !important;padding-left: 30px !important;}&#8221;][vc_custom_heading text=&#8221;Schreiben Sie uns&#8221; use_theme_fonts=&#8221;yes&#8221; css=&#8221;.vc_custom_1513592114696{margin-bottom: 30px !important;}&#8221;][\/vc_column][vc_column width=&#8221;1\/3&#8243;][vc_custom_heading text=&#8221;Kontakte&#8221; use_theme_fonts=&#8221;yes&#8221; css=&#8221;.vc_custom_1513592125127{margin-bottom: 30px !important;}&#8221;][vc_column_text line_height=&#8221;1.2&#8243;]MBM WESTRA s.r.o. Sousedovice 61, 386 01 Sousedovice \u010cesk\u00e1 republika Tel.: +420 383 321 490 Tel.: +420 774 905 010 Email: westra@mbmwestra.cz Web: http:\/\/www.mbmwestra.cz Id.-Nr.: 60066130 Ust.-Id.-Nr.:&hellip;\" \/>\n<meta property=\"og:url\" content=\"https:\/\/www.mbmwestra.cz\/de\/kontakt\/\" \/>\n<meta property=\"og:site_name\" content=\"MBM WESTRA s.r.o.\" \/>\n<meta property=\"article:modified_time\" content=\"2017-12-18T10:28:47+00:00\" \/>\n<meta name=\"twitter:card\" content=\"summary_large_image\" \/>\n<meta name=\"twitter:label1\" content=\"Est. reading time\" \/>\n\t<meta name=\"twitter:data1\" content=\"1 minute\" \/>\n<script type=\"application\/ld+json\" class=\"yoast-schema-graph\">{\"@context\":\"https:\\\/\\\/schema.org\",\"@graph\":[{\"@type\":\"WebPage\",\"@id\":\"https:\\\/\\\/www.mbmwestra.cz\\\/de\\\/kontakt\\\/\",\"url\":\"https:\\\/\\\/www.mbmwestra.cz\\\/de\\\/kontakt\\\/\",\"name\":\"Kontakt - MBM WESTRA s.r.o.\",\"isPartOf\":{\"@id\":\"https:\\\/\\\/www.mbmwestra.cz\\\/de\\\/#website\"},\"datePublished\":\"2017-12-18T10:15:36+00:00\",\"dateModified\":\"2017-12-18T10:28:47+00:00\",\"breadcrumb\":{\"@id\":\"https:\\\/\\\/www.mbmwestra.cz\\\/de\\\/kontakt\\\/#breadcrumb\"},\"inLanguage\":\"de-DE\",\"potentialAction\":[{\"@type\":\"ReadAction\",\"target\":[\"https:\\\/\\\/www.mbmwestra.cz\\\/de\\\/kontakt\\\/\"]}]},{\"@type\":\"BreadcrumbList\",\"@id\":\"https:\\\/\\\/www.mbmwestra.cz\\\/de\\\/kontakt\\\/#breadcrumb\",\"itemListElement\":[{\"@type\":\"ListItem\",\"position\":1,\"name\":\"Home\",\"item\":\"https:\\\/\\\/www.mbmwestra.cz\\\/de\\\/\"},{\"@type\":\"ListItem\",\"position\":2,\"name\":\"Kontakt\"}]},{\"@type\":\"WebSite\",\"@id\":\"https:\\\/\\\/www.mbmwestra.cz\\\/de\\\/#website\",\"url\":\"https:\\\/\\\/www.mbmwestra.cz\\\/de\\\/\",\"name\":\"MBM WESTRA s.r.o.\",\"description\":\"V\u00fdroba stroj\u016f a \u010d\u00e1st\u00ed za\u0159\u00edzen\u00ed na zak\u00e1zku\",\"publisher\":{\"@id\":\"https:\\\/\\\/www.mbmwestra.cz\\\/de\\\/#organization\"},\"potentialAction\":[{\"@type\":\"SearchAction\",\"target\":{\"@type\":\"EntryPoint\",\"urlTemplate\":\"https:\\\/\\\/www.mbmwestra.cz\\\/de\\\/?s={search_term_string}\"},\"query-input\":{\"@type\":\"PropertyValueSpecification\",\"valueRequired\":true,\"valueName\":\"search_term_string\"}}],\"inLanguage\":\"de-DE\"},{\"@type\":\"Organization\",\"@id\":\"https:\\\/\\\/www.mbmwestra.cz\\\/de\\\/#organization\",\"name\":\"MBM WESTRA s.r.o.\",\"url\":\"https:\\\/\\\/www.mbmwestra.cz\\\/de\\\/\",\"logo\":{\"@type\":\"ImageObject\",\"inLanguage\":\"de-DE\",\"@id\":\"https:\\\/\\\/www.mbmwestra.cz\\\/de\\\/#\\\/schema\\\/logo\\\/image\\\/\",\"url\":\"http:\\\/\\\/www.mbmwestra.cz\\\/wp-content\\\/uploads\\\/2019\\\/10\\\/westra_logo_dark_RGB.png\",\"contentUrl\":\"http:\\\/\\\/www.mbmwestra.cz\\\/wp-content\\\/uploads\\\/2019\\\/10\\\/westra_logo_dark_RGB.png\",\"width\":3151,\"height\":527,\"caption\":\"MBM WESTRA s.r.o.\"},\"image\":{\"@id\":\"https:\\\/\\\/www.mbmwestra.cz\\\/de\\\/#\\\/schema\\\/logo\\\/image\\\/\"}}]}<\/script>\n<!-- \/ Yoast SEO plugin. -->","yoast_head_json":{"title":"Kontakt - MBM WESTRA s.r.o.","robots":{"index":"index","follow":"follow","max-snippet":"max-snippet:-1","max-image-preview":"max-image-preview:large","max-video-preview":"max-video-preview:-1"},"canonical":"https:\/\/www.mbmwestra.cz\/de\/kontakt\/","og_locale":"de_DE","og_type":"article","og_title":"Kontakt - MBM WESTRA s.r.o.","og_description":"[vc_row full_width=&#8221;stretch_row_content_no_spaces&#8221;][vc_column][vc_gmaps link=&#8221;#E-8_JTNDaWZyYW1lJTIwc3JjJTNEJTIyaHR0cHMlM0ElMkYlMkZ3d3cuZ29vZ2xlLmNvbSUyRm1hcHMlMkZlbWJlZCUzRnBiJTNEJTIxMW0xOCUyMTFtMTIlMjExbTMlMjExZDE3NTI0LjM1MDgzMjYwMTAzNCUyMTJkMTMuODg0MDc1OTIzNDM4ODAyJTIxM2Q0OS4yMzgyOTMyMjI2NjcyMSUyMTJtMyUyMTFmMCUyMTJmMCUyMTNmMCUyMTNtMiUyMTFpMTAyNCUyMTJpNzY4JTIxNGYxMy4xJTIxM20zJTIxMW0yJTIxMXMweDQ3MGIzNWJkMTBiZGU1MjklMjUzQTB4M2RkZDFlNzI3MTBmMmNkNCUyMTJzTUJNJTJCV2VzdHJhJTJCUy5yLm8uJTIxNWUwJTIxM20yJTIxMXNjcyUyMTJzY3olMjE0djE1MTI3Mzk0NDY5MjIlMjIlMjB3aWR0aCUzRCUyMjYwMCUyMiUyMGhlaWdodCUzRCUyMjQ1MCUyMiUyMGZyYW1lYm9yZGVyJTNEJTIyMCUyMiUyMHN0eWxlJTNEJTIyYm9yZGVyJTNBMCUyMiUyMGFsbG93ZnVsbHNjcmVlbiUzRSUzQyUyRmlmcmFtZSUzRQ==&#8221;][\/vc_column][\/vc_row][vc_row column_spacing=&#8221;60&#8243; css=&#8221;.vc_custom_1512902206950{padding-right: 15px !important;padding-left: 15px !important;}&#8221;][vc_column width=&#8221;2\/3&#8243; css=&#8221;.vc_custom_1512902315010{padding-right: 30px !important;padding-left: 30px !important;}&#8221;][vc_custom_heading text=&#8221;Schreiben Sie uns&#8221; use_theme_fonts=&#8221;yes&#8221; css=&#8221;.vc_custom_1513592114696{margin-bottom: 30px !important;}&#8221;][\/vc_column][vc_column width=&#8221;1\/3&#8243;][vc_custom_heading text=&#8221;Kontakte&#8221; use_theme_fonts=&#8221;yes&#8221; css=&#8221;.vc_custom_1513592125127{margin-bottom: 30px !important;}&#8221;][vc_column_text line_height=&#8221;1.2&#8243;]MBM WESTRA s.r.o. Sousedovice 61, 386 01 Sousedovice \u010cesk\u00e1 republika Tel.: +420 383 321 490 Tel.: +420 774 905 010 Email: westra@mbmwestra.cz Web: http:\/\/www.mbmwestra.cz Id.-Nr.: 60066130 Ust.-Id.-Nr.:&hellip;","og_url":"https:\/\/www.mbmwestra.cz\/de\/kontakt\/","og_site_name":"MBM WESTRA s.r.o.","article_modified_time":"2017-12-18T10:28:47+00:00","twitter_card":"summary_large_image","twitter_misc":{"Est. reading time":"1 minute"},"schema":{"@context":"https:\/\/schema.org","@graph":[{"@type":"WebPage","@id":"https:\/\/www.mbmwestra.cz\/de\/kontakt\/","url":"https:\/\/www.mbmwestra.cz\/de\/kontakt\/","name":"Kontakt - MBM WESTRA s.r.o.","isPartOf":{"@id":"https:\/\/www.mbmwestra.cz\/de\/#website"},"datePublished":"2017-12-18T10:15:36+00:00","dateModified":"2017-12-18T10:28:47+00:00","breadcrumb":{"@id":"https:\/\/www.mbmwestra.cz\/de\/kontakt\/#breadcrumb"},"inLanguage":"de-DE","potentialAction":[{"@type":"ReadAction","target":["https:\/\/www.mbmwestra.cz\/de\/kontakt\/"]}]},{"@type":"BreadcrumbList","@id":"https:\/\/www.mbmwestra.cz\/de\/kontakt\/#breadcrumb","itemListElement":[{"@type":"ListItem","position":1,"name":"Home","item":"https:\/\/www.mbmwestra.cz\/de\/"},{"@type":"ListItem","position":2,"name":"Kontakt"}]},{"@type":"WebSite","@id":"https:\/\/www.mbmwestra.cz\/de\/#website","url":"https:\/\/www.mbmwestra.cz\/de\/","name":"MBM WESTRA s.r.o.","description":"V\u00fdroba stroj\u016f a \u010d\u00e1st\u00ed za\u0159\u00edzen\u00ed na zak\u00e1zku","publisher":{"@id":"https:\/\/www.mbmwestra.cz\/de\/#organization"},"potentialAction":[{"@type":"SearchAction","target":{"@type":"EntryPoint","urlTemplate":"https:\/\/www.mbmwestra.cz\/de\/?s={search_term_string}"},"query-input":{"@type":"PropertyValueSpecification","valueRequired":true,"valueName":"search_term_string"}}],"inLanguage":"de-DE"},{"@type":"Organization","@id":"https:\/\/www.mbmwestra.cz\/de\/#organization","name":"MBM WESTRA s.r.o.","url":"https:\/\/www.mbmwestra.cz\/de\/","logo":{"@type":"ImageObject","inLanguage":"de-DE","@id":"https:\/\/www.mbmwestra.cz\/de\/#\/schema\/logo\/image\/","url":"http:\/\/www.mbmwestra.cz\/wp-content\/uploads\/2019\/10\/westra_logo_dark_RGB.png","contentUrl":"http:\/\/www.mbmwestra.cz\/wp-content\/uploads\/2019\/10\/westra_logo_dark_RGB.png","width":3151,"height":527,"caption":"MBM WESTRA s.r.o."},"image":{"@id":"https:\/\/www.mbmwestra.cz\/de\/#\/schema\/logo\/image\/"}}]}},"_links":{"self":[{"href":"https:\/\/www.mbmwestra.cz\/de\/wp-json\/wp\/v2\/pages\/524","targetHints":{"allow":["GET"]}}],"collection":[{"href":"https:\/\/www.mbmwestra.cz\/de\/wp-json\/wp\/v2\/pages"}],"about":[{"href":"https:\/\/www.mbmwestra.cz\/de\/wp-json\/wp\/v2\/types\/page"}],"author":[{"embeddable":true,"href":"https:\/\/www.mbmwestra.cz\/de\/wp-json\/wp\/v2\/users\/1"}],"replies":[{"embeddable":true,"href":"https:\/\/www.mbmwestra.cz\/de\/wp-json\/wp\/v2\/comments?post=524"}],"version-history":[{"count":2,"href":"https:\/\/www.mbmwestra.cz\/de\/wp-json\/wp\/v2\/pages\/524\/revisions"}],"predecessor-version":[{"id":546,"href":"https:\/\/www.mbmwestra.cz\/de\/wp-json\/wp\/v2\/pages\/524\/revisions\/546"}],"wp:attachment":[{"href":"https:\/\/www.mbmwestra.cz\/de\/wp-json\/wp\/v2\/media?parent=524"}],"curies":[{"name":"wp","href":"https:\/\/api.w.org\/{rel}","templated":true}]}}