{"id":486,"date":"2017-12-18T09:18:43","date_gmt":"2017-12-18T08:18:43","guid":{"rendered":"http:\/\/www.mbmwestra.cz\/who-are-we\/"},"modified":"2017-12-18T10:46:01","modified_gmt":"2017-12-18T09:46:01","slug":"who-are-we","status":"publish","type":"page","link":"https:\/\/www.mbmwestra.cz\/en\/who-are-we\/","title":{"rendered":"Who are we"},"content":{"rendered":"<div class=\"wpb-content-wrapper\">[vc_row full_width=&#8221;stretch_row&#8221; css=&#8221;.vc_custom_1513429032739{padding-top: 40px !important;padding-bottom: 140px !important;background-image: url(http:\/\/www.mbmwestra.cz\/wp-content\/uploads\/2017\/12\/backgroung_image_kdo_jsme.jpg?id=319) !important;background-position: center !important;background-repeat: no-repeat !important;background-size: cover !important;}&#8221;][vc_column width=&#8221;1\/2&#8243;][vc_custom_heading source=&#8221;post_title&#8221; font_container=&#8221;tag:h1|text_align:left|color:%23ffffff&#8221; use_theme_fonts=&#8221;yes&#8221;][\/vc_column][vc_column width=&#8221;1\/2&#8243;][vc_column_text css=&#8221;.vc_custom_1513590233010{padding-top: 20px !important;padding-right: 20px !important;padding-bottom: 20px !important;padding-left: 20px !important;background-color: rgba(0,0,0,0.65) !important;*background-color: rgb(0,0,0) !important;}&#8221; color=&#8221;#ffffff&#8221;]The Company MBM Westra s.r.o. has been established in 1993 as a subsidiary of the German Company MBM Maschinenbau M\u00fchldorf GmbH.<\/p>\n<p>The line of business of MBM Westra s.r.o. is piece and small-series manufacture of welded steel constructions and facilities up to 20 tons, and the manufacture of single-purpose machines and facilities, including their surface treatment.<\/p>\n<p>Every day, we prove our company&#8217;s versatility. Quality and reliability represent our strengths. Come and see for yourselves.[\/vc_column_text][\/vc_column][\/vc_row][vc_row css=&#8221;.vc_custom_1512853349772{margin-top: 40px !important;margin-bottom: 0px !important;}&#8221;][vc_column css=&#8221;.vc_custom_1512853415872{margin-bottom: 0px !important;}&#8221;][vc_custom_heading text=&#8221;Company management and key people&#8221; font_container=&#8221;tag:h2|text_align:center&#8221; use_theme_fonts=&#8221;yes&#8221; css=&#8221;.vc_custom_1513590255430{padding-right: 15px !important;padding-left: 15px !important;}&#8221;][\/vc_column][\/vc_row][vc_row el_class=&#8221;lide&#8221; css=&#8221;.vc_custom_1513427004146{padding-right: 25px !important;padding-bottom: 40px !important;padding-left: 25px !important;}&#8221;][vc_column width=&#8221;1\/2&#8243;][vc_column_text]<strong><img loading=\"lazy\" decoding=\"async\" class=\"alignleft size-full wp-image-235\" src=\"http:\/\/www.mbmwestra.cz\/wp-content\/uploads\/2017\/12\/foto-VH.png\" alt=\"\" width=\"80\" height=\"80\" \/>V\u00e1clav Hucek<\/strong><br \/>\nExecutive director<\/p>\n<span  style=\"margin-right:20px;\" class=\"wpex-icon\" aria-hidden=\"true\"><svg xmlns=\"http:\/\/www.w3.org\/2000\/svg\" viewBox=\"0 0 512 512\"><path d=\"M164.9 24.6c-7.7-18.6-28-28.5-47.4-23.2l-88 24C12.1 30.2 0 46 0 64C0 311.4 200.6 512 448 512c18 0 33.8-12.1 38.6-29.5l24-88c5.3-19.4-4.6-39.7-23.2-47.4l-96-40c-16.3-6.8-35.2-2.1-46.3 11.6L304.7 368C234.3 334.7 177.3 277.7 144 207.3L193.3 167c13.7-11.2 18.4-30 11.6-46.3l-40-96z\"\/><\/svg><\/span>+420 383 322 551 \/ +420 774 90 50 10<br \/>\n<span  style=\"margin-right:20px;\" class=\"wpex-icon\" aria-hidden=\"true\"><svg xmlns=\"http:\/\/www.w3.org\/2000\/svg\" viewBox=\"0 0 512 512\"><path d=\"M64 112c-8.8 0-16 7.2-16 16v22.1L220.5 291.7c20.7 17 50.4 17 71.1 0L464 150.1V128c0-8.8-7.2-16-16-16H64zM48 212.2V384c0 8.8 7.2 16 16 16H448c8.8 0 16-7.2 16-16V212.2L322 328.8c-38.4 31.5-93.7 31.5-132 0L48 212.2zM0 128C0 92.7 28.7 64 64 64H448c35.3 0 64 28.7 64 64V384c0 35.3-28.7 64-64 64H64c-35.3 0-64-28.7-64-64V128z\"\/><\/svg><\/span><a href=\"mailto:hucek@mbmerstra.cz\">hucek@mbmerstra.cz<\/a>[\/vc_column_text][vc_empty_space height=&#8221;40px&#8221;][vc_column_text]<strong><img loading=\"lazy\" decoding=\"async\" class=\"alignleft size-full wp-image-236\" src=\"http:\/\/www.mbmwestra.cz\/wp-content\/uploads\/2017\/12\/oto-tuhacek.png\" alt=\"\" width=\"80\" height=\"80\" \/>Vladim\u00edr Tuh\u00e1\u010dek<\/strong><br \/>\nHead of technical preparation of manufacture<\/p>\n<span  style=\"margin-right:20px;\" class=\"wpex-icon\" aria-hidden=\"true\"><svg xmlns=\"http:\/\/www.w3.org\/2000\/svg\" viewBox=\"0 0 512 512\"><path d=\"M164.9 24.6c-7.7-18.6-28-28.5-47.4-23.2l-88 24C12.1 30.2 0 46 0 64C0 311.4 200.6 512 448 512c18 0 33.8-12.1 38.6-29.5l24-88c5.3-19.4-4.6-39.7-23.2-47.4l-96-40c-16.3-6.8-35.2-2.1-46.3 11.6L304.7 368C234.3 334.7 177.3 277.7 144 207.3L193.3 167c13.7-11.2 18.4-30 11.6-46.3l-40-96z\"\/><\/svg><\/span>+420 383 326 178 \/ +420 777 710 425<br \/>\n<span  style=\"margin-right:20px;\" class=\"wpex-icon\" aria-hidden=\"true\"><svg xmlns=\"http:\/\/www.w3.org\/2000\/svg\" viewBox=\"0 0 512 512\"><path d=\"M64 112c-8.8 0-16 7.2-16 16v22.1L220.5 291.7c20.7 17 50.4 17 71.1 0L464 150.1V128c0-8.8-7.2-16-16-16H64zM48 212.2V384c0 8.8 7.2 16 16 16H448c8.8 0 16-7.2 16-16V212.2L322 328.8c-38.4 31.5-93.7 31.5-132 0L48 212.2zM0 128C0 92.7 28.7 64 64 64H448c35.3 0 64 28.7 64 64V384c0 35.3-28.7 64-64 64H64c-35.3 0-64-28.7-64-64V128z\"\/><\/svg><\/span><a href=\"mailto:tuhacek@mbmwestra.cz\">tuhacek@mbmwestra.cz <\/a>[\/vc_column_text][vc_empty_space height=&#8221;40px&#8221;][vc_column_text]<strong><img loading=\"lazy\" decoding=\"async\" class=\"alignleft size-full wp-image-237\" src=\"http:\/\/www.mbmwestra.cz\/wp-content\/uploads\/2017\/12\/foto-mlcochova.png\" alt=\"\" width=\"80\" height=\"80\" \/>\u0160\u00e1rka Ml\u010dochov\u00e1<\/strong><br \/>\nSecretariat &#8211; Human resources specialist<\/p>\n<span  style=\"margin-right:20px;\" class=\"wpex-icon\" aria-hidden=\"true\"><svg xmlns=\"http:\/\/www.w3.org\/2000\/svg\" viewBox=\"0 0 512 512\"><path d=\"M164.9 24.6c-7.7-18.6-28-28.5-47.4-23.2l-88 24C12.1 30.2 0 46 0 64C0 311.4 200.6 512 448 512c18 0 33.8-12.1 38.6-29.5l24-88c5.3-19.4-4.6-39.7-23.2-47.4l-96-40c-16.3-6.8-35.2-2.1-46.3 11.6L304.7 368C234.3 334.7 177.3 277.7 144 207.3L193.3 167c13.7-11.2 18.4-30 11.6-46.3l-40-96z\"\/><\/svg><\/span>+420 383 321 490<br \/>\n<span  style=\"margin-right:20px;\" class=\"wpex-icon\" aria-hidden=\"true\"><svg xmlns=\"http:\/\/www.w3.org\/2000\/svg\" viewBox=\"0 0 512 512\"><path d=\"M64 112c-8.8 0-16 7.2-16 16v22.1L220.5 291.7c20.7 17 50.4 17 71.1 0L464 150.1V128c0-8.8-7.2-16-16-16H64zM48 212.2V384c0 8.8 7.2 16 16 16H448c8.8 0 16-7.2 16-16V212.2L322 328.8c-38.4 31.5-93.7 31.5-132 0L48 212.2zM0 128C0 92.7 28.7 64 64 64H448c35.3 0 64 28.7 64 64V384c0 35.3-28.7 64-64 64H64c-35.3 0-64-28.7-64-64V128z\"\/><\/svg><\/span><a href=\"mailto:westra@mbmwestra.cz\">westra@mbmwestra.cz<\/a>[\/vc_column_text][\/vc_column][vc_column width=&#8221;1\/2&#8243;][vc_column_text]<strong><img loading=\"lazy\" decoding=\"async\" class=\"alignleft size-full wp-image-238\" src=\"http:\/\/www.mbmwestra.cz\/wp-content\/uploads\/2017\/12\/foto-kesnr-1.png\" alt=\"\" width=\"80\" height=\"80\" \/>Robert Ke\u0161ner<\/strong><br \/>\nHead of manufacture<\/p>\n<span  style=\"margin-right:20px;\" class=\"wpex-icon\" aria-hidden=\"true\"><svg xmlns=\"http:\/\/www.w3.org\/2000\/svg\" viewBox=\"0 0 512 512\"><path d=\"M164.9 24.6c-7.7-18.6-28-28.5-47.4-23.2l-88 24C12.1 30.2 0 46 0 64C0 311.4 200.6 512 448 512c18 0 33.8-12.1 38.6-29.5l24-88c5.3-19.4-4.6-39.7-23.2-47.4l-96-40c-16.3-6.8-35.2-2.1-46.3 11.6L304.7 368C234.3 334.7 177.3 277.7 144 207.3L193.3 167c13.7-11.2 18.4-30 11.6-46.3l-40-96z\"\/><\/svg><\/span>+420 383 326 177 \/ +420 777 710 431<br \/>\n<span  style=\"margin-right:20px;\" class=\"wpex-icon\" aria-hidden=\"true\"><svg xmlns=\"http:\/\/www.w3.org\/2000\/svg\" viewBox=\"0 0 512 512\"><path d=\"M64 112c-8.8 0-16 7.2-16 16v22.1L220.5 291.7c20.7 17 50.4 17 71.1 0L464 150.1V128c0-8.8-7.2-16-16-16H64zM48 212.2V384c0 8.8 7.2 16 16 16H448c8.8 0 16-7.2 16-16V212.2L322 328.8c-38.4 31.5-93.7 31.5-132 0L48 212.2zM0 128C0 92.7 28.7 64 64 64H448c35.3 0 64 28.7 64 64V384c0 35.3-28.7 64-64 64H64c-35.3 0-64-28.7-64-64V128z\"\/><\/svg><\/span><a href=\"mailto:kesner@mbmwestra.cz\">kesner@mbmwestra.cz<\/a>[\/vc_column_text][vc_empty_space height=&#8221;40px&#8221;][vc_column_text]<strong><img loading=\"lazy\" decoding=\"async\" class=\"alignleft size-full wp-image-239\" src=\"http:\/\/www.mbmwestra.cz\/wp-content\/uploads\/2017\/12\/foto-tomicek.png\" alt=\"\" width=\"80\" height=\"80\" \/>Jarom\u00edr Tom\u00ed\u010dek<\/strong><br \/>\nHead of quality<\/p>\n<span  style=\"margin-right:20px;\" class=\"wpex-icon\" aria-hidden=\"true\"><svg xmlns=\"http:\/\/www.w3.org\/2000\/svg\" viewBox=\"0 0 512 512\"><path d=\"M164.9 24.6c-7.7-18.6-28-28.5-47.4-23.2l-88 24C12.1 30.2 0 46 0 64C0 311.4 200.6 512 448 512c18 0 33.8-12.1 38.6-29.5l24-88c5.3-19.4-4.6-39.7-23.2-47.4l-96-40c-16.3-6.8-35.2-2.1-46.3 11.6L304.7 368C234.3 334.7 177.3 277.7 144 207.3L193.3 167c13.7-11.2 18.4-30 11.6-46.3l-40-96z\"\/><\/svg><\/span>+420 383 321 490 \/ +420 723 330 946<br \/>\n<span  style=\"margin-right:20px;\" class=\"wpex-icon\" aria-hidden=\"true\"><svg xmlns=\"http:\/\/www.w3.org\/2000\/svg\" viewBox=\"0 0 512 512\"><path d=\"M64 112c-8.8 0-16 7.2-16 16v22.1L220.5 291.7c20.7 17 50.4 17 71.1 0L464 150.1V128c0-8.8-7.2-16-16-16H64zM48 212.2V384c0 8.8 7.2 16 16 16H448c8.8 0 16-7.2 16-16V212.2L322 328.8c-38.4 31.5-93.7 31.5-132 0L48 212.2zM0 128C0 92.7 28.7 64 64 64H448c35.3 0 64 28.7 64 64V384c0 35.3-28.7 64-64 64H64c-35.3 0-64-28.7-64-64V128z\"\/><\/svg><\/span><a href=\"mailto:tomicek@mbmwestra.cz\">tomicek@mbmwestra.cz <\/a>[\/vc_column_text][\/vc_column][\/vc_row]\n<\/div>","protected":false},"excerpt":{"rendered":"<p>[vc_row full_width=&#8221;stretch_row&#8221; css=&#8221;.vc_custom_1513429032739{padding-top: 40px !important;padding-bottom: 140px !important;background-image: url(http:\/\/www.mbmwestra.cz\/wp-content\/uploads\/2017\/12\/backgroung_image_kdo_jsme.jpg?id=319) !important;background-position: center !important;background-repeat: no-repeat !important;background-size: cover !important;}&#8221;][vc_column width=&#8221;1\/2&#8243;][vc_custom_heading source=&#8221;post_title&#8221; font_container=&#8221;tag:h1|text_align:left|color:%23ffffff&#8221; use_theme_fonts=&#8221;yes&#8221;][\/vc_column][vc_column width=&#8221;1\/2&#8243;][vc_column_text css=&#8221;.vc_custom_1513590233010{padding-top: 20px !important;padding-right: 20px !important;padding-bottom: 20px !important;padding-left: 20px !important;background-color: rgba(0,0,0,0.65) !important;*background-color: rgb(0,0,0) !important;}&#8221; color=&#8221;#ffffff&#8221;]The Company MBM Westra s.r.o. has been established in 1993 as a subsidiary of the German Company MBM Maschinenbau M\u00fchldorf GmbH. The&hellip;<\/p>\n","protected":false},"author":1,"featured_media":0,"parent":0,"menu_order":0,"comment_status":"closed","ping_status":"closed","template":"","meta":{"footnotes":""},"class_list":["post-486","page","type-page","status-publish","hentry","entry","no-media"],"yoast_head":"<!-- This site is optimized with the Yoast SEO plugin v27.4 - https:\/\/yoast.com\/product\/yoast-seo-wordpress\/ -->\n<title>Who are we - MBM WESTRA s.r.o.<\/title>\n<meta name=\"robots\" content=\"index, follow, max-snippet:-1, max-image-preview:large, max-video-preview:-1\" \/>\n<link rel=\"canonical\" href=\"https:\/\/www.mbmwestra.cz\/en\/who-are-we\/\" \/>\n<meta property=\"og:locale\" content=\"en_US\" \/>\n<meta property=\"og:type\" content=\"article\" \/>\n<meta property=\"og:title\" content=\"Who are we - MBM WESTRA s.r.o.\" \/>\n<meta property=\"og:description\" content=\"[vc_row full_width=&#8221;stretch_row&#8221; css=&#8221;.vc_custom_1513429032739{padding-top: 40px !important;padding-bottom: 140px !important;background-image: url(http:\/\/www.mbmwestra.cz\/wp-content\/uploads\/2017\/12\/backgroung_image_kdo_jsme.jpg?id=319) !important;background-position: center !important;background-repeat: no-repeat !important;background-size: cover !important;}&#8221;][vc_column width=&#8221;1\/2&#8243;][vc_custom_heading source=&#8221;post_title&#8221; font_container=&#8221;tag:h1|text_align:left|color:%23ffffff&#8221; use_theme_fonts=&#8221;yes&#8221;][\/vc_column][vc_column width=&#8221;1\/2&#8243;][vc_column_text css=&#8221;.vc_custom_1513590233010{padding-top: 20px !important;padding-right: 20px !important;padding-bottom: 20px !important;padding-left: 20px !important;background-color: rgba(0,0,0,0.65) !important;*background-color: rgb(0,0,0) !important;}&#8221; color=&#8221;#ffffff&#8221;]The Company MBM Westra s.r.o. has been established in 1993 as a subsidiary of the German Company MBM Maschinenbau M\u00fchldorf GmbH. The&hellip;\" \/>\n<meta property=\"og:url\" content=\"https:\/\/www.mbmwestra.cz\/en\/who-are-we\/\" \/>\n<meta property=\"og:site_name\" content=\"MBM WESTRA s.r.o.\" \/>\n<meta property=\"article:modified_time\" content=\"2017-12-18T09:46:01+00:00\" \/>\n<meta property=\"og:image\" content=\"http:\/\/www.mbmwestra.cz\/wp-content\/uploads\/2017\/12\/foto-VH.png\" \/>\n<meta name=\"twitter:card\" content=\"summary_large_image\" \/>\n<meta name=\"twitter:label1\" content=\"Est. reading time\" \/>\n\t<meta name=\"twitter:data1\" content=\"2 minutes\" \/>\n<script type=\"application\/ld+json\" class=\"yoast-schema-graph\">{\"@context\":\"https:\\\/\\\/schema.org\",\"@graph\":[{\"@type\":\"WebPage\",\"@id\":\"https:\\\/\\\/www.mbmwestra.cz\\\/en\\\/who-are-we\\\/\",\"url\":\"https:\\\/\\\/www.mbmwestra.cz\\\/en\\\/who-are-we\\\/\",\"name\":\"Who are we - MBM WESTRA s.r.o.\",\"isPartOf\":{\"@id\":\"https:\\\/\\\/www.mbmwestra.cz\\\/en\\\/#website\"},\"primaryImageOfPage\":{\"@id\":\"https:\\\/\\\/www.mbmwestra.cz\\\/en\\\/who-are-we\\\/#primaryimage\"},\"image\":{\"@id\":\"https:\\\/\\\/www.mbmwestra.cz\\\/en\\\/who-are-we\\\/#primaryimage\"},\"thumbnailUrl\":\"http:\\\/\\\/www.mbmwestra.cz\\\/wp-content\\\/uploads\\\/2017\\\/12\\\/foto-VH.png\",\"datePublished\":\"2017-12-18T08:18:43+00:00\",\"dateModified\":\"2017-12-18T09:46:01+00:00\",\"breadcrumb\":{\"@id\":\"https:\\\/\\\/www.mbmwestra.cz\\\/en\\\/who-are-we\\\/#breadcrumb\"},\"inLanguage\":\"en-US\",\"potentialAction\":[{\"@type\":\"ReadAction\",\"target\":[\"https:\\\/\\\/www.mbmwestra.cz\\\/en\\\/who-are-we\\\/\"]}]},{\"@type\":\"ImageObject\",\"inLanguage\":\"en-US\",\"@id\":\"https:\\\/\\\/www.mbmwestra.cz\\\/en\\\/who-are-we\\\/#primaryimage\",\"url\":\"http:\\\/\\\/www.mbmwestra.cz\\\/wp-content\\\/uploads\\\/2017\\\/12\\\/foto-VH.png\",\"contentUrl\":\"http:\\\/\\\/www.mbmwestra.cz\\\/wp-content\\\/uploads\\\/2017\\\/12\\\/foto-VH.png\"},{\"@type\":\"BreadcrumbList\",\"@id\":\"https:\\\/\\\/www.mbmwestra.cz\\\/en\\\/who-are-we\\\/#breadcrumb\",\"itemListElement\":[{\"@type\":\"ListItem\",\"position\":1,\"name\":\"Home\",\"item\":\"https:\\\/\\\/www.mbmwestra.cz\\\/en\\\/\"},{\"@type\":\"ListItem\",\"position\":2,\"name\":\"Who are we\"}]},{\"@type\":\"WebSite\",\"@id\":\"https:\\\/\\\/www.mbmwestra.cz\\\/en\\\/#website\",\"url\":\"https:\\\/\\\/www.mbmwestra.cz\\\/en\\\/\",\"name\":\"MBM WESTRA s.r.o.\",\"description\":\"V\u00fdroba stroj\u016f a \u010d\u00e1st\u00ed za\u0159\u00edzen\u00ed na zak\u00e1zku\",\"publisher\":{\"@id\":\"https:\\\/\\\/www.mbmwestra.cz\\\/en\\\/#organization\"},\"potentialAction\":[{\"@type\":\"SearchAction\",\"target\":{\"@type\":\"EntryPoint\",\"urlTemplate\":\"https:\\\/\\\/www.mbmwestra.cz\\\/en\\\/?s={search_term_string}\"},\"query-input\":{\"@type\":\"PropertyValueSpecification\",\"valueRequired\":true,\"valueName\":\"search_term_string\"}}],\"inLanguage\":\"en-US\"},{\"@type\":\"Organization\",\"@id\":\"https:\\\/\\\/www.mbmwestra.cz\\\/en\\\/#organization\",\"name\":\"MBM WESTRA s.r.o.\",\"url\":\"https:\\\/\\\/www.mbmwestra.cz\\\/en\\\/\",\"logo\":{\"@type\":\"ImageObject\",\"inLanguage\":\"en-US\",\"@id\":\"https:\\\/\\\/www.mbmwestra.cz\\\/en\\\/#\\\/schema\\\/logo\\\/image\\\/\",\"url\":\"http:\\\/\\\/www.mbmwestra.cz\\\/wp-content\\\/uploads\\\/2019\\\/10\\\/westra_logo_dark_RGB.png\",\"contentUrl\":\"http:\\\/\\\/www.mbmwestra.cz\\\/wp-content\\\/uploads\\\/2019\\\/10\\\/westra_logo_dark_RGB.png\",\"width\":3151,\"height\":527,\"caption\":\"MBM WESTRA s.r.o.\"},\"image\":{\"@id\":\"https:\\\/\\\/www.mbmwestra.cz\\\/en\\\/#\\\/schema\\\/logo\\\/image\\\/\"}}]}<\/script>\n<!-- \/ Yoast SEO plugin. -->","yoast_head_json":{"title":"Who are we - MBM WESTRA s.r.o.","robots":{"index":"index","follow":"follow","max-snippet":"max-snippet:-1","max-image-preview":"max-image-preview:large","max-video-preview":"max-video-preview:-1"},"canonical":"https:\/\/www.mbmwestra.cz\/en\/who-are-we\/","og_locale":"en_US","og_type":"article","og_title":"Who are we - MBM WESTRA s.r.o.","og_description":"[vc_row full_width=&#8221;stretch_row&#8221; css=&#8221;.vc_custom_1513429032739{padding-top: 40px !important;padding-bottom: 140px !important;background-image: url(http:\/\/www.mbmwestra.cz\/wp-content\/uploads\/2017\/12\/backgroung_image_kdo_jsme.jpg?id=319) !important;background-position: center !important;background-repeat: no-repeat !important;background-size: cover !important;}&#8221;][vc_column width=&#8221;1\/2&#8243;][vc_custom_heading source=&#8221;post_title&#8221; font_container=&#8221;tag:h1|text_align:left|color:%23ffffff&#8221; use_theme_fonts=&#8221;yes&#8221;][\/vc_column][vc_column width=&#8221;1\/2&#8243;][vc_column_text css=&#8221;.vc_custom_1513590233010{padding-top: 20px !important;padding-right: 20px !important;padding-bottom: 20px !important;padding-left: 20px !important;background-color: rgba(0,0,0,0.65) !important;*background-color: rgb(0,0,0) !important;}&#8221; color=&#8221;#ffffff&#8221;]The Company MBM Westra s.r.o. has been established in 1993 as a subsidiary of the German Company MBM Maschinenbau M\u00fchldorf GmbH. The&hellip;","og_url":"https:\/\/www.mbmwestra.cz\/en\/who-are-we\/","og_site_name":"MBM WESTRA s.r.o.","article_modified_time":"2017-12-18T09:46:01+00:00","og_image":[{"url":"http:\/\/www.mbmwestra.cz\/wp-content\/uploads\/2017\/12\/foto-VH.png","type":"","width":"","height":""}],"twitter_card":"summary_large_image","twitter_misc":{"Est. reading time":"2 minutes"},"schema":{"@context":"https:\/\/schema.org","@graph":[{"@type":"WebPage","@id":"https:\/\/www.mbmwestra.cz\/en\/who-are-we\/","url":"https:\/\/www.mbmwestra.cz\/en\/who-are-we\/","name":"Who are we - MBM WESTRA s.r.o.","isPartOf":{"@id":"https:\/\/www.mbmwestra.cz\/en\/#website"},"primaryImageOfPage":{"@id":"https:\/\/www.mbmwestra.cz\/en\/who-are-we\/#primaryimage"},"image":{"@id":"https:\/\/www.mbmwestra.cz\/en\/who-are-we\/#primaryimage"},"thumbnailUrl":"http:\/\/www.mbmwestra.cz\/wp-content\/uploads\/2017\/12\/foto-VH.png","datePublished":"2017-12-18T08:18:43+00:00","dateModified":"2017-12-18T09:46:01+00:00","breadcrumb":{"@id":"https:\/\/www.mbmwestra.cz\/en\/who-are-we\/#breadcrumb"},"inLanguage":"en-US","potentialAction":[{"@type":"ReadAction","target":["https:\/\/www.mbmwestra.cz\/en\/who-are-we\/"]}]},{"@type":"ImageObject","inLanguage":"en-US","@id":"https:\/\/www.mbmwestra.cz\/en\/who-are-we\/#primaryimage","url":"http:\/\/www.mbmwestra.cz\/wp-content\/uploads\/2017\/12\/foto-VH.png","contentUrl":"http:\/\/www.mbmwestra.cz\/wp-content\/uploads\/2017\/12\/foto-VH.png"},{"@type":"BreadcrumbList","@id":"https:\/\/www.mbmwestra.cz\/en\/who-are-we\/#breadcrumb","itemListElement":[{"@type":"ListItem","position":1,"name":"Home","item":"https:\/\/www.mbmwestra.cz\/en\/"},{"@type":"ListItem","position":2,"name":"Who are we"}]},{"@type":"WebSite","@id":"https:\/\/www.mbmwestra.cz\/en\/#website","url":"https:\/\/www.mbmwestra.cz\/en\/","name":"MBM WESTRA s.r.o.","description":"V\u00fdroba stroj\u016f a \u010d\u00e1st\u00ed za\u0159\u00edzen\u00ed na zak\u00e1zku","publisher":{"@id":"https:\/\/www.mbmwestra.cz\/en\/#organization"},"potentialAction":[{"@type":"SearchAction","target":{"@type":"EntryPoint","urlTemplate":"https:\/\/www.mbmwestra.cz\/en\/?s={search_term_string}"},"query-input":{"@type":"PropertyValueSpecification","valueRequired":true,"valueName":"search_term_string"}}],"inLanguage":"en-US"},{"@type":"Organization","@id":"https:\/\/www.mbmwestra.cz\/en\/#organization","name":"MBM WESTRA s.r.o.","url":"https:\/\/www.mbmwestra.cz\/en\/","logo":{"@type":"ImageObject","inLanguage":"en-US","@id":"https:\/\/www.mbmwestra.cz\/en\/#\/schema\/logo\/image\/","url":"http:\/\/www.mbmwestra.cz\/wp-content\/uploads\/2019\/10\/westra_logo_dark_RGB.png","contentUrl":"http:\/\/www.mbmwestra.cz\/wp-content\/uploads\/2019\/10\/westra_logo_dark_RGB.png","width":3151,"height":527,"caption":"MBM WESTRA s.r.o."},"image":{"@id":"https:\/\/www.mbmwestra.cz\/en\/#\/schema\/logo\/image\/"}}]}},"_links":{"self":[{"href":"https:\/\/www.mbmwestra.cz\/en\/wp-json\/wp\/v2\/pages\/486","targetHints":{"allow":["GET"]}}],"collection":[{"href":"https:\/\/www.mbmwestra.cz\/en\/wp-json\/wp\/v2\/pages"}],"about":[{"href":"https:\/\/www.mbmwestra.cz\/en\/wp-json\/wp\/v2\/types\/page"}],"author":[{"embeddable":true,"href":"https:\/\/www.mbmwestra.cz\/en\/wp-json\/wp\/v2\/users\/1"}],"replies":[{"embeddable":true,"href":"https:\/\/www.mbmwestra.cz\/en\/wp-json\/wp\/v2\/comments?post=486"}],"version-history":[{"count":4,"href":"https:\/\/www.mbmwestra.cz\/en\/wp-json\/wp\/v2\/pages\/486\/revisions"}],"predecessor-version":[{"id":499,"href":"https:\/\/www.mbmwestra.cz\/en\/wp-json\/wp\/v2\/pages\/486\/revisions\/499"}],"wp:attachment":[{"href":"https:\/\/www.mbmwestra.cz\/en\/wp-json\/wp\/v2\/media?parent=486"}],"curies":[{"name":"wp","href":"https:\/\/api.w.org\/{rel}","templated":true}]}}