{"id":514,"date":"2017-12-18T11:05:42","date_gmt":"2017-12-18T10:05:42","guid":{"rendered":"http:\/\/www.mbmwestra.cz\/?page_id=514"},"modified":"2017-12-21T19:49:24","modified_gmt":"2017-12-21T18:49:24","slug":"jobs","status":"publish","type":"page","link":"https:\/\/www.mbmwestra.cz\/en\/jobs\/","title":{"rendered":"Jobs"},"content":{"rendered":"<div class=\"wpb-content-wrapper\">[vc_row full_width=&#8221;stretch_row&#8221; disable_element=&#8221;yes&#8221; css=&#8221;.vc_custom_1513428907644{padding-top: 70px !important;padding-bottom: 70px !important;background: #3c3c3c url(http:\/\/www.mbmwestra.cz\/wp-content\/uploads\/2017\/12\/backgroung_image_volna_mista.jpg?id=272) !important;background-position: 0 0 !important;background-repeat: no-repeat !important;}&#8221; wpex_bg_position=&#8221;center center&#8221; min_height=&#8221;560&#8243;][vc_column width=&#8221;1\/2&#8243; css=&#8221;.vc_custom_1512856917147{margin-bottom: 0px !important;}&#8221;][vc_custom_heading text=&#8221;Vacancies&#8221; font_container=&#8221;tag:h1|text_align:left|color:%23ffffff&#8221; use_theme_fonts=&#8221;yes&#8221; css=&#8221;.vc_custom_1513591461592{margin-bottom: 70px !important;}&#8221;][\/vc_column][vc_column width=&#8221;1\/2&#8243; css=&#8221;.vc_custom_1512858542779{margin-bottom: 0px !important;}&#8221;][vc_tta_accordion shape=&#8221;square&#8221; c_icon=&#8221;chevron&#8221; c_position=&#8221;right&#8221; active_section=&#8221;1&#8243; el_class=&#8221;westra-accordion&#8221; css=&#8221;.vc_custom_1512901914599{margin-right: 0px !important;margin-left: 0px !important;}&#8221;][vc_tta_section title=&#8221;Obr\u00e1b\u011b\u010d kov\u016f &#8211; sv\u00e1\u0159e\u010d&#8221; tab_id=&#8221;1512857931740-902e6ef8-86f9&#8243;][vc_column_text]<span style=\"text-decoration: underline;\">Po\u017eadujeme: <\/span><\/p>\n<ul>\n<li>vyu\u010den\u00ed v oboru obr\u00e1b\u011b\u010d kov\u016f, n\u00e1stroja\u0159, z\u00e1me\u010dn\u00edk nebo podobn\u00e9m oboru<\/li>\n<li>manu\u00e1ln\u00ed zru\u010dnost<\/li>\n<li>praxe v oboru obr\u00e1b\u011bn\u00ed kov\u016f, n\u00e1stroj\u00e1rny v\u00fdhodou<\/li>\n<li>schopnost \u010d\u00edst technick\u00e9 v\u00fdkresy<\/li>\n<\/ul>\n<p><span style=\"text-decoration: underline;\">Nab\u00edz\u00edme: <\/span><\/p>\n<ul>\n<li>p\u0159\u00edsp\u011bvek na ob\u011bdy p\u0159\u00edmo v are\u00e1lu v\u00fdroby<\/li>\n<li>jistotu v dlouhodob\u011b zaveden\u00e9 spole\u010dnosti<\/li>\n<li>po zapracov\u00e1n\u00ed smlouvu na dobu ur\u010ditou<\/li>\n<li>odm\u011bny za dob\u0159e proveden\u00e9 \u00fakoly<\/li>\n<\/ul>\n[\/vc_column_text][\/vc_tta_section][vc_tta_section title=&#8221;Obchodn\u00ed z\u00e1stupce&#8221; tab_id=&#8221;1512857931817-a58388f3-771f&#8221;][vc_column_text]I am text block. Click edit button to change this text. Lorem ipsum dolor sit amet, consectetur adipiscing elit. Ut elit tellus, luctus nec ullamcorper mattis, pulvinar dapibus leo.[\/vc_column_text][\/vc_tta_section][vc_tta_section title=&#8221;Tester v\u00fdstupn\u00ed kvality&#8221; tab_id=&#8221;1512858100437-6b9fc1b3-4c43&#8243;][vc_column_text]I am text block. Click edit button to change this text. Lorem ipsum dolor sit amet, consectetur adipiscing elit. Ut elit tellus, luctus nec ullamcorper mattis, pulvinar dapibus leo.[\/vc_column_text][\/vc_tta_section][vc_tta_section title=&#8221;Skladn\u00edk&#8221; tab_id=&#8221;1512858121069-0d6605c5-2f5f&#8221;][vc_column_text]I am text block. Click edit button to change this text. Lorem ipsum dolor sit amet, consectetur adipiscing elit. Ut elit tellus, luctus nec ullamcorper mattis, pulvinar dapibus leo.[\/vc_column_text][\/vc_tta_section][\/vc_tta_accordion][\/vc_column][\/vc_row][vc_row full_width=&#8221;stretch_row&#8221; css=&#8221;.vc_custom_1512860592270{padding-top: 70px !important;padding-bottom: 70px !important;background: #3c3c3c url(http:\/\/www.mbmwestra.cz\/wp-content\/uploads\/2017\/12\/backgroung_image_volna_mista.jpg?id=272) !important;background-position: 0 0 !important;background-repeat: no-repeat !important;}&#8221; wpex_bg_position=&#8221;center center&#8221; min_height=&#8221;560&#8243;][vc_column width=&#8221;1\/2&#8243; css=&#8221;.vc_custom_1512856917147{margin-bottom: 0px !important;}&#8221;][vc_custom_heading text=&#8221;Vacancies&#8221; font_container=&#8221;tag:h1|text_align:left|color:%23ffffff&#8221; use_theme_fonts=&#8221;yes&#8221; css=&#8221;.vc_custom_1513591468113{margin-bottom: 70px !important;}&#8221;][\/vc_column][vc_column width=&#8221;1\/2&#8243; css=&#8221;.vc_custom_1512858542779{margin-bottom: 0px !important;}&#8221;][vc_column_text css=&#8221;.vc_custom_1513591483002{margin-bottom: 0px !important;padding-top: 20px !important;padding-right: 60px !important;padding-bottom: 20px !important;padding-left: 20px !important;background-color: rgba(0,51,88,0.65) !important;*background-color: rgb(0,51,88) !important;}&#8221; color=&#8221;#dcaa00&#8243; font_size=&#8221;20&#8243;]<strong>Currently there are no open job positions.<\/strong>[\/vc_column_text][vc_column_text css=&#8221;.vc_custom_1513591495656{margin-bottom: 0px !important;padding-top: 0px !important;padding-right: 60px !important;padding-bottom: 20px !important;padding-left: 20px !important;background-color: rgba(0,51,88,0.65) !important;*background-color: rgb(0,51,88) !important;}&#8221; color=&#8221;#ffffff&#8221; font_size=&#8221;20&#8243;]<strong>Please have a look later.<\/strong>[\/vc_column_text][\/vc_column][\/vc_row][vc_row full_width=&#8221;stretch_row&#8221; css=&#8221;.vc_custom_1513426237077{margin-bottom: 0px !important;padding-top: 60px !important;padding-bottom: 60px !important;background-color: #f5f5f5 !important;}&#8221;][vc_column width=&#8221;1\/6&#8243; css=&#8221;.vc_custom_1513426180739{margin-bottom: 0px !important;}&#8221;][\/vc_column][vc_column width=&#8221;2\/3&#8243; css=&#8221;.vc_custom_1512858339246{margin-bottom: 0px !important;}&#8221;][vc_column_text font_size=&#8221;20&#8243;]\n<p style=\"text-align: center;\">If you&#8217;re interested in working in our company, please contact us via telephone at No. <strong>383 321 490<\/strong>, or send a brief CV to the e-mail address <a href=\"mailto:hucek@mbmwestra.cz\">hucek@mbmwestra.cz<\/a><\/p>\n[\/vc_column_text][\/vc_column][vc_column width=&#8221;1\/6&#8243; css=&#8221;.vc_custom_1513426190642{margin-bottom: 0px !important;}&#8221;][\/vc_column][\/vc_row]\n<\/div>","protected":false},"excerpt":{"rendered":"<p>[vc_row full_width=&#8221;stretch_row&#8221; disable_element=&#8221;yes&#8221; css=&#8221;.vc_custom_1513428907644{padding-top: 70px !important;padding-bottom: 70px !important;background: #3c3c3c url(http:\/\/www.mbmwestra.cz\/wp-content\/uploads\/2017\/12\/backgroung_image_volna_mista.jpg?id=272) !important;background-position: 0 0 !important;background-repeat: no-repeat !important;}&#8221; wpex_bg_position=&#8221;center center&#8221; min_height=&#8221;560&#8243;][vc_column width=&#8221;1\/2&#8243; css=&#8221;.vc_custom_1512856917147{margin-bottom: 0px !important;}&#8221;][vc_custom_heading text=&#8221;Vacancies&#8221; font_container=&#8221;tag:h1|text_align:left|color:%23ffffff&#8221; use_theme_fonts=&#8221;yes&#8221; css=&#8221;.vc_custom_1513591461592{margin-bottom: 70px !important;}&#8221;][\/vc_column][vc_column width=&#8221;1\/2&#8243; css=&#8221;.vc_custom_1512858542779{margin-bottom: 0px !important;}&#8221;][vc_tta_accordion shape=&#8221;square&#8221; c_icon=&#8221;chevron&#8221; c_position=&#8221;right&#8221; active_section=&#8221;1&#8243; el_class=&#8221;westra-accordion&#8221; css=&#8221;.vc_custom_1512901914599{margin-right: 0px !important;margin-left: 0px !important;}&#8221;][vc_tta_section title=&#8221;Obr\u00e1b\u011b\u010d kov\u016f &#8211; sv\u00e1\u0159e\u010d&#8221; tab_id=&#8221;1512857931740-902e6ef8-86f9&#8243;][vc_column_text]Po\u017eadujeme: vyu\u010den\u00ed v oboru obr\u00e1b\u011b\u010d kov\u016f, n\u00e1stroja\u0159, z\u00e1me\u010dn\u00edk&hellip;<\/p>\n","protected":false},"author":1,"featured_media":0,"parent":0,"menu_order":0,"comment_status":"closed","ping_status":"closed","template":"","meta":{"footnotes":""},"class_list":["post-514","page","type-page","status-publish","hentry","entry","no-media"],"yoast_head":"<!-- This site is optimized with the Yoast SEO plugin v27.4 - https:\/\/yoast.com\/product\/yoast-seo-wordpress\/ -->\n<title>Jobs - MBM WESTRA s.r.o.<\/title>\n<meta name=\"robots\" content=\"index, follow, max-snippet:-1, max-image-preview:large, max-video-preview:-1\" \/>\n<link rel=\"canonical\" href=\"https:\/\/www.mbmwestra.cz\/en\/jobs\/\" \/>\n<meta property=\"og:locale\" content=\"en_US\" \/>\n<meta property=\"og:type\" content=\"article\" \/>\n<meta property=\"og:title\" content=\"Jobs - MBM WESTRA s.r.o.\" \/>\n<meta property=\"og:description\" content=\"[vc_row full_width=&#8221;stretch_row&#8221; disable_element=&#8221;yes&#8221; css=&#8221;.vc_custom_1513428907644{padding-top: 70px !important;padding-bottom: 70px !important;background: #3c3c3c url(http:\/\/www.mbmwestra.cz\/wp-content\/uploads\/2017\/12\/backgroung_image_volna_mista.jpg?id=272) !important;background-position: 0 0 !important;background-repeat: no-repeat !important;}&#8221; wpex_bg_position=&#8221;center center&#8221; min_height=&#8221;560&#8243;][vc_column width=&#8221;1\/2&#8243; css=&#8221;.vc_custom_1512856917147{margin-bottom: 0px !important;}&#8221;][vc_custom_heading text=&#8221;Vacancies&#8221; font_container=&#8221;tag:h1|text_align:left|color:%23ffffff&#8221; use_theme_fonts=&#8221;yes&#8221; css=&#8221;.vc_custom_1513591461592{margin-bottom: 70px !important;}&#8221;][\/vc_column][vc_column width=&#8221;1\/2&#8243; css=&#8221;.vc_custom_1512858542779{margin-bottom: 0px !important;}&#8221;][vc_tta_accordion shape=&#8221;square&#8221; c_icon=&#8221;chevron&#8221; c_position=&#8221;right&#8221; active_section=&#8221;1&#8243; el_class=&#8221;westra-accordion&#8221; css=&#8221;.vc_custom_1512901914599{margin-right: 0px !important;margin-left: 0px !important;}&#8221;][vc_tta_section title=&#8221;Obr\u00e1b\u011b\u010d kov\u016f &#8211; sv\u00e1\u0159e\u010d&#8221; tab_id=&#8221;1512857931740-902e6ef8-86f9&#8243;][vc_column_text]Po\u017eadujeme: vyu\u010den\u00ed v oboru obr\u00e1b\u011b\u010d kov\u016f, n\u00e1stroja\u0159, z\u00e1me\u010dn\u00edk&hellip;\" \/>\n<meta property=\"og:url\" content=\"https:\/\/www.mbmwestra.cz\/en\/jobs\/\" \/>\n<meta property=\"og:site_name\" content=\"MBM WESTRA s.r.o.\" \/>\n<meta property=\"article:modified_time\" content=\"2017-12-21T18:49:24+00:00\" \/>\n<meta name=\"twitter:card\" content=\"summary_large_image\" \/>\n<meta name=\"twitter:label1\" content=\"Est. reading time\" \/>\n\t<meta name=\"twitter:data1\" content=\"3 minutes\" \/>\n<script type=\"application\/ld+json\" class=\"yoast-schema-graph\">{\"@context\":\"https:\\\/\\\/schema.org\",\"@graph\":[{\"@type\":\"WebPage\",\"@id\":\"https:\\\/\\\/www.mbmwestra.cz\\\/en\\\/jobs\\\/\",\"url\":\"https:\\\/\\\/www.mbmwestra.cz\\\/en\\\/jobs\\\/\",\"name\":\"Jobs - MBM WESTRA s.r.o.\",\"isPartOf\":{\"@id\":\"https:\\\/\\\/www.mbmwestra.cz\\\/en\\\/#website\"},\"datePublished\":\"2017-12-18T10:05:42+00:00\",\"dateModified\":\"2017-12-21T18:49:24+00:00\",\"breadcrumb\":{\"@id\":\"https:\\\/\\\/www.mbmwestra.cz\\\/en\\\/jobs\\\/#breadcrumb\"},\"inLanguage\":\"en-US\",\"potentialAction\":[{\"@type\":\"ReadAction\",\"target\":[\"https:\\\/\\\/www.mbmwestra.cz\\\/en\\\/jobs\\\/\"]}]},{\"@type\":\"BreadcrumbList\",\"@id\":\"https:\\\/\\\/www.mbmwestra.cz\\\/en\\\/jobs\\\/#breadcrumb\",\"itemListElement\":[{\"@type\":\"ListItem\",\"position\":1,\"name\":\"Home\",\"item\":\"https:\\\/\\\/www.mbmwestra.cz\\\/en\\\/\"},{\"@type\":\"ListItem\",\"position\":2,\"name\":\"Jobs\"}]},{\"@type\":\"WebSite\",\"@id\":\"https:\\\/\\\/www.mbmwestra.cz\\\/en\\\/#website\",\"url\":\"https:\\\/\\\/www.mbmwestra.cz\\\/en\\\/\",\"name\":\"MBM WESTRA s.r.o.\",\"description\":\"V\u00fdroba stroj\u016f a \u010d\u00e1st\u00ed za\u0159\u00edzen\u00ed na zak\u00e1zku\",\"publisher\":{\"@id\":\"https:\\\/\\\/www.mbmwestra.cz\\\/en\\\/#organization\"},\"potentialAction\":[{\"@type\":\"SearchAction\",\"target\":{\"@type\":\"EntryPoint\",\"urlTemplate\":\"https:\\\/\\\/www.mbmwestra.cz\\\/en\\\/?s={search_term_string}\"},\"query-input\":{\"@type\":\"PropertyValueSpecification\",\"valueRequired\":true,\"valueName\":\"search_term_string\"}}],\"inLanguage\":\"en-US\"},{\"@type\":\"Organization\",\"@id\":\"https:\\\/\\\/www.mbmwestra.cz\\\/en\\\/#organization\",\"name\":\"MBM WESTRA s.r.o.\",\"url\":\"https:\\\/\\\/www.mbmwestra.cz\\\/en\\\/\",\"logo\":{\"@type\":\"ImageObject\",\"inLanguage\":\"en-US\",\"@id\":\"https:\\\/\\\/www.mbmwestra.cz\\\/en\\\/#\\\/schema\\\/logo\\\/image\\\/\",\"url\":\"http:\\\/\\\/www.mbmwestra.cz\\\/wp-content\\\/uploads\\\/2019\\\/10\\\/westra_logo_dark_RGB.png\",\"contentUrl\":\"http:\\\/\\\/www.mbmwestra.cz\\\/wp-content\\\/uploads\\\/2019\\\/10\\\/westra_logo_dark_RGB.png\",\"width\":3151,\"height\":527,\"caption\":\"MBM WESTRA s.r.o.\"},\"image\":{\"@id\":\"https:\\\/\\\/www.mbmwestra.cz\\\/en\\\/#\\\/schema\\\/logo\\\/image\\\/\"}}]}<\/script>\n<!-- \/ Yoast SEO plugin. -->","yoast_head_json":{"title":"Jobs - MBM WESTRA s.r.o.","robots":{"index":"index","follow":"follow","max-snippet":"max-snippet:-1","max-image-preview":"max-image-preview:large","max-video-preview":"max-video-preview:-1"},"canonical":"https:\/\/www.mbmwestra.cz\/en\/jobs\/","og_locale":"en_US","og_type":"article","og_title":"Jobs - MBM WESTRA s.r.o.","og_description":"[vc_row full_width=&#8221;stretch_row&#8221; disable_element=&#8221;yes&#8221; css=&#8221;.vc_custom_1513428907644{padding-top: 70px !important;padding-bottom: 70px !important;background: #3c3c3c url(http:\/\/www.mbmwestra.cz\/wp-content\/uploads\/2017\/12\/backgroung_image_volna_mista.jpg?id=272) !important;background-position: 0 0 !important;background-repeat: no-repeat !important;}&#8221; wpex_bg_position=&#8221;center center&#8221; min_height=&#8221;560&#8243;][vc_column width=&#8221;1\/2&#8243; css=&#8221;.vc_custom_1512856917147{margin-bottom: 0px !important;}&#8221;][vc_custom_heading text=&#8221;Vacancies&#8221; font_container=&#8221;tag:h1|text_align:left|color:%23ffffff&#8221; use_theme_fonts=&#8221;yes&#8221; css=&#8221;.vc_custom_1513591461592{margin-bottom: 70px !important;}&#8221;][\/vc_column][vc_column width=&#8221;1\/2&#8243; css=&#8221;.vc_custom_1512858542779{margin-bottom: 0px !important;}&#8221;][vc_tta_accordion shape=&#8221;square&#8221; c_icon=&#8221;chevron&#8221; c_position=&#8221;right&#8221; active_section=&#8221;1&#8243; el_class=&#8221;westra-accordion&#8221; css=&#8221;.vc_custom_1512901914599{margin-right: 0px !important;margin-left: 0px !important;}&#8221;][vc_tta_section title=&#8221;Obr\u00e1b\u011b\u010d kov\u016f &#8211; sv\u00e1\u0159e\u010d&#8221; tab_id=&#8221;1512857931740-902e6ef8-86f9&#8243;][vc_column_text]Po\u017eadujeme: vyu\u010den\u00ed v oboru obr\u00e1b\u011b\u010d kov\u016f, n\u00e1stroja\u0159, z\u00e1me\u010dn\u00edk&hellip;","og_url":"https:\/\/www.mbmwestra.cz\/en\/jobs\/","og_site_name":"MBM WESTRA s.r.o.","article_modified_time":"2017-12-21T18:49:24+00:00","twitter_card":"summary_large_image","twitter_misc":{"Est. reading time":"3 minutes"},"schema":{"@context":"https:\/\/schema.org","@graph":[{"@type":"WebPage","@id":"https:\/\/www.mbmwestra.cz\/en\/jobs\/","url":"https:\/\/www.mbmwestra.cz\/en\/jobs\/","name":"Jobs - MBM WESTRA s.r.o.","isPartOf":{"@id":"https:\/\/www.mbmwestra.cz\/en\/#website"},"datePublished":"2017-12-18T10:05:42+00:00","dateModified":"2017-12-21T18:49:24+00:00","breadcrumb":{"@id":"https:\/\/www.mbmwestra.cz\/en\/jobs\/#breadcrumb"},"inLanguage":"en-US","potentialAction":[{"@type":"ReadAction","target":["https:\/\/www.mbmwestra.cz\/en\/jobs\/"]}]},{"@type":"BreadcrumbList","@id":"https:\/\/www.mbmwestra.cz\/en\/jobs\/#breadcrumb","itemListElement":[{"@type":"ListItem","position":1,"name":"Home","item":"https:\/\/www.mbmwestra.cz\/en\/"},{"@type":"ListItem","position":2,"name":"Jobs"}]},{"@type":"WebSite","@id":"https:\/\/www.mbmwestra.cz\/en\/#website","url":"https:\/\/www.mbmwestra.cz\/en\/","name":"MBM WESTRA s.r.o.","description":"V\u00fdroba stroj\u016f a \u010d\u00e1st\u00ed za\u0159\u00edzen\u00ed na zak\u00e1zku","publisher":{"@id":"https:\/\/www.mbmwestra.cz\/en\/#organization"},"potentialAction":[{"@type":"SearchAction","target":{"@type":"EntryPoint","urlTemplate":"https:\/\/www.mbmwestra.cz\/en\/?s={search_term_string}"},"query-input":{"@type":"PropertyValueSpecification","valueRequired":true,"valueName":"search_term_string"}}],"inLanguage":"en-US"},{"@type":"Organization","@id":"https:\/\/www.mbmwestra.cz\/en\/#organization","name":"MBM WESTRA s.r.o.","url":"https:\/\/www.mbmwestra.cz\/en\/","logo":{"@type":"ImageObject","inLanguage":"en-US","@id":"https:\/\/www.mbmwestra.cz\/en\/#\/schema\/logo\/image\/","url":"http:\/\/www.mbmwestra.cz\/wp-content\/uploads\/2019\/10\/westra_logo_dark_RGB.png","contentUrl":"http:\/\/www.mbmwestra.cz\/wp-content\/uploads\/2019\/10\/westra_logo_dark_RGB.png","width":3151,"height":527,"caption":"MBM WESTRA s.r.o."},"image":{"@id":"https:\/\/www.mbmwestra.cz\/en\/#\/schema\/logo\/image\/"}}]}},"_links":{"self":[{"href":"https:\/\/www.mbmwestra.cz\/en\/wp-json\/wp\/v2\/pages\/514","targetHints":{"allow":["GET"]}}],"collection":[{"href":"https:\/\/www.mbmwestra.cz\/en\/wp-json\/wp\/v2\/pages"}],"about":[{"href":"https:\/\/www.mbmwestra.cz\/en\/wp-json\/wp\/v2\/types\/page"}],"author":[{"embeddable":true,"href":"https:\/\/www.mbmwestra.cz\/en\/wp-json\/wp\/v2\/users\/1"}],"replies":[{"embeddable":true,"href":"https:\/\/www.mbmwestra.cz\/en\/wp-json\/wp\/v2\/comments?post=514"}],"version-history":[{"count":3,"href":"https:\/\/www.mbmwestra.cz\/en\/wp-json\/wp\/v2\/pages\/514\/revisions"}],"predecessor-version":[{"id":553,"href":"https:\/\/www.mbmwestra.cz\/en\/wp-json\/wp\/v2\/pages\/514\/revisions\/553"}],"wp:attachment":[{"href":"https:\/\/www.mbmwestra.cz\/en\/wp-json\/wp\/v2\/media?parent=514"}],"curies":[{"name":"wp","href":"https:\/\/api.w.org\/{rel}","templated":true}]}}