{"id":518,"date":"2017-12-18T11:11:04","date_gmt":"2017-12-18T10:11:04","guid":{"rendered":"http:\/\/www.mbmwestra.cz\/?page_id=518"},"modified":"2017-12-21T21:41:29","modified_gmt":"2017-12-21T20:41:29","slug":"products","status":"publish","type":"page","link":"https:\/\/www.mbmwestra.cz\/en\/products\/","title":{"rendered":"Products"},"content":{"rendered":"<div class=\"wpb-content-wrapper\">[vc_row full_width=&#8221;stretch_row&#8221; css=&#8221;.vc_custom_1512856635631{padding-top: 70px !important;padding-bottom: 70px !important;background: #3c3c3c url(http:\/\/www.mbmwestra.cz\/wp-content\/uploads\/2017\/12\/backgroung_image_vyrobky.jpg?id=255) !important;background-position: 0 0 !important;background-repeat: no-repeat !important;}&#8221; wpex_bg_position=&#8221;top center&#8221;][vc_column css=&#8221;.vc_custom_1512856917147{margin-bottom: 0px !important;}&#8221;][vc_custom_heading text=&#8221;Our products&#8221; font_container=&#8221;tag:h1|text_align:left|color:%23ffffff&#8221; use_theme_fonts=&#8221;yes&#8221; css=&#8221;.vc_custom_1513591844419{margin-bottom: 70px !important;}&#8221;]<div class=\"vcex-image-grid-wrap\"><div class=\"vcex-module vcex-image-grid grid-style-default wpex-row wpex-clr wpex-lightbox-group\"><div class=\"id-595 vcex-image-grid-entry vcex-grid-item wpex-text-center span_1_of_3 col col-1\"><figure class=\"vcex-image-grid-entry-figure wpex-last-mb-0 wpex-clr\"><div class=\"vcex-image-grid-entry-img entry-media wpex-relative wpex-mb-20\"><a href=\"https:\/\/www.mbmwestra.cz\/wp-content\/uploads\/2017\/12\/vyrobek_01-1500x900.jpg\" class=\"vcex-image-grid-entry-link wpex-lightbox-group-item\" ><img loading=\"lazy\" class=\"wpex-align-middle\" decoding=\"async\" src=\"https:\/\/www.mbmwestra.cz\/wp-content\/uploads\/2017\/12\/vyrobek_01-360x240.jpg\" alt=\"\" srcset=\"https:\/\/www.mbmwestra.cz\/wp-content\/uploads\/2017\/12\/vyrobek_01-360x240.jpg 360w, https:\/\/www.mbmwestra.cz\/wp-content\/uploads\/2017\/12\/vyrobek_01-360x240@2x.jpg 720w, https:\/\/www.mbmwestra.cz\/wp-content\/uploads\/2017\/12\/vyrobek_01-360x240@2x.jpg 2x\" width=\"360\" height=\"240\"><\/a><\/div><\/figure><\/div><div class=\"id-598 vcex-image-grid-entry vcex-grid-item wpex-text-center span_1_of_3 col col-2\"><figure class=\"vcex-image-grid-entry-figure wpex-last-mb-0 wpex-clr\"><div class=\"vcex-image-grid-entry-img entry-media wpex-relative wpex-mb-20\"><a href=\"https:\/\/www.mbmwestra.cz\/wp-content\/uploads\/2017\/12\/vyrobek_02-1500x1125.jpg\" class=\"vcex-image-grid-entry-link wpex-lightbox-group-item\" ><img loading=\"lazy\" class=\"wpex-align-middle\" decoding=\"async\" src=\"https:\/\/www.mbmwestra.cz\/wp-content\/uploads\/2017\/12\/vyrobek_02-360x240.jpg\" alt=\"\" srcset=\"https:\/\/www.mbmwestra.cz\/wp-content\/uploads\/2017\/12\/vyrobek_02-360x240.jpg 360w, https:\/\/www.mbmwestra.cz\/wp-content\/uploads\/2017\/12\/vyrobek_02-360x240@2x.jpg 720w, https:\/\/www.mbmwestra.cz\/wp-content\/uploads\/2017\/12\/vyrobek_02-360x240@2x.jpg 2x\" width=\"360\" height=\"240\"><\/a><\/div><\/figure><\/div><div class=\"id-601 vcex-image-grid-entry vcex-grid-item wpex-text-center span_1_of_3 col col-3\"><figure class=\"vcex-image-grid-entry-figure wpex-last-mb-0 wpex-clr\"><div class=\"vcex-image-grid-entry-img entry-media wpex-relative wpex-mb-20\"><a href=\"https:\/\/www.mbmwestra.cz\/wp-content\/uploads\/2017\/12\/vyrobek_03-1500x1125.jpg\" class=\"vcex-image-grid-entry-link wpex-lightbox-group-item\" ><img loading=\"lazy\" class=\"wpex-align-middle\" decoding=\"async\" src=\"https:\/\/www.mbmwestra.cz\/wp-content\/uploads\/2017\/12\/vyrobek_03-360x240.jpg\" alt=\"\" srcset=\"https:\/\/www.mbmwestra.cz\/wp-content\/uploads\/2017\/12\/vyrobek_03-360x240.jpg 360w, https:\/\/www.mbmwestra.cz\/wp-content\/uploads\/2017\/12\/vyrobek_03-360x240@2x.jpg 720w, https:\/\/www.mbmwestra.cz\/wp-content\/uploads\/2017\/12\/vyrobek_03-360x240@2x.jpg 2x\" width=\"360\" height=\"240\"><\/a><\/div><\/figure><\/div><div class=\"id-604 vcex-image-grid-entry vcex-grid-item wpex-text-center span_1_of_3 col col-1\"><figure class=\"vcex-image-grid-entry-figure wpex-last-mb-0 wpex-clr\"><div class=\"vcex-image-grid-entry-img entry-media wpex-relative wpex-mb-20\"><a href=\"https:\/\/www.mbmwestra.cz\/wp-content\/uploads\/2017\/12\/vyrobek_04-1500x1125.jpg\" class=\"vcex-image-grid-entry-link wpex-lightbox-group-item\" data-caption=\"OLYMPUS DIGITAL CAMERA\"><img loading=\"lazy\" class=\"wpex-align-middle\" decoding=\"async\" src=\"https:\/\/www.mbmwestra.cz\/wp-content\/uploads\/2017\/12\/vyrobek_04-360x240.jpg\" alt=\"\" srcset=\"https:\/\/www.mbmwestra.cz\/wp-content\/uploads\/2017\/12\/vyrobek_04-360x240.jpg 360w, https:\/\/www.mbmwestra.cz\/wp-content\/uploads\/2017\/12\/vyrobek_04-360x240@2x.jpg 720w, https:\/\/www.mbmwestra.cz\/wp-content\/uploads\/2017\/12\/vyrobek_04-360x240@2x.jpg 2x\" width=\"360\" height=\"240\"><\/a><\/div><\/figure><\/div><div class=\"id-607 vcex-image-grid-entry vcex-grid-item wpex-text-center span_1_of_3 col col-2\"><figure class=\"vcex-image-grid-entry-figure wpex-last-mb-0 wpex-clr\"><div class=\"vcex-image-grid-entry-img entry-media wpex-relative wpex-mb-20\"><a href=\"https:\/\/www.mbmwestra.cz\/wp-content\/uploads\/2017\/12\/vyrobek_05-1500x1125.jpg\" class=\"vcex-image-grid-entry-link wpex-lightbox-group-item\" data-caption=\"OLYMPUS DIGITAL CAMERA\"><img loading=\"lazy\" class=\"wpex-align-middle\" decoding=\"async\" src=\"https:\/\/www.mbmwestra.cz\/wp-content\/uploads\/2017\/12\/vyrobek_05-360x240.jpg\" alt=\"\" srcset=\"https:\/\/www.mbmwestra.cz\/wp-content\/uploads\/2017\/12\/vyrobek_05-360x240.jpg 360w, https:\/\/www.mbmwestra.cz\/wp-content\/uploads\/2017\/12\/vyrobek_05-360x240@2x.jpg 720w, https:\/\/www.mbmwestra.cz\/wp-content\/uploads\/2017\/12\/vyrobek_05-360x240@2x.jpg 2x\" width=\"360\" height=\"240\"><\/a><\/div><\/figure><\/div><div class=\"id-610 vcex-image-grid-entry vcex-grid-item wpex-text-center span_1_of_3 col col-3\"><figure class=\"vcex-image-grid-entry-figure wpex-last-mb-0 wpex-clr\"><div class=\"vcex-image-grid-entry-img entry-media wpex-relative wpex-mb-20\"><a href=\"https:\/\/www.mbmwestra.cz\/wp-content\/uploads\/2017\/12\/vyrobek_06-1500x1125.jpg\" class=\"vcex-image-grid-entry-link wpex-lightbox-group-item\" data-caption=\"OLYMPUS DIGITAL CAMERA\"><img loading=\"lazy\" class=\"wpex-align-middle\" decoding=\"async\" src=\"https:\/\/www.mbmwestra.cz\/wp-content\/uploads\/2017\/12\/vyrobek_06-360x240.jpg\" alt=\"\" srcset=\"https:\/\/www.mbmwestra.cz\/wp-content\/uploads\/2017\/12\/vyrobek_06-360x240.jpg 360w, https:\/\/www.mbmwestra.cz\/wp-content\/uploads\/2017\/12\/vyrobek_06-360x240@2x.jpg 720w, https:\/\/www.mbmwestra.cz\/wp-content\/uploads\/2017\/12\/vyrobek_06-360x240@2x.jpg 2x\" width=\"360\" height=\"240\"><\/a><\/div><\/figure><\/div><div class=\"id-613 vcex-image-grid-entry vcex-grid-item wpex-text-center span_1_of_3 col col-1\"><figure class=\"vcex-image-grid-entry-figure wpex-last-mb-0 wpex-clr\"><div class=\"vcex-image-grid-entry-img entry-media wpex-relative wpex-mb-20\"><a href=\"https:\/\/www.mbmwestra.cz\/wp-content\/uploads\/2017\/12\/vyrobek_07.jpg\" class=\"vcex-image-grid-entry-link wpex-lightbox-group-item\" data-caption=\"OLYMPUS DIGITAL CAMERA\"><img loading=\"lazy\" class=\"wpex-align-middle\" decoding=\"async\" src=\"https:\/\/www.mbmwestra.cz\/wp-content\/uploads\/2017\/12\/vyrobek_07-360x240.jpg\" alt=\"\" srcset=\"https:\/\/www.mbmwestra.cz\/wp-content\/uploads\/2017\/12\/vyrobek_07-360x240.jpg 360w, https:\/\/www.mbmwestra.cz\/wp-content\/uploads\/2017\/12\/vyrobek_07-360x240@2x.jpg 720w, https:\/\/www.mbmwestra.cz\/wp-content\/uploads\/2017\/12\/vyrobek_07-360x240@2x.jpg 2x\" width=\"360\" height=\"240\"><\/a><\/div><\/figure><\/div><div class=\"id-616 vcex-image-grid-entry vcex-grid-item wpex-text-center span_1_of_3 col col-2\"><figure class=\"vcex-image-grid-entry-figure wpex-last-mb-0 wpex-clr\"><div class=\"vcex-image-grid-entry-img entry-media wpex-relative wpex-mb-20\"><a href=\"https:\/\/www.mbmwestra.cz\/wp-content\/uploads\/2017\/12\/vyrobek_08.jpg\" class=\"vcex-image-grid-entry-link wpex-lightbox-group-item\" data-caption=\"OLYMPUS DIGITAL CAMERA\"><img loading=\"lazy\" class=\"wpex-align-middle\" decoding=\"async\" src=\"https:\/\/www.mbmwestra.cz\/wp-content\/uploads\/2017\/12\/vyrobek_08-360x240.jpg\" alt=\"\" srcset=\"https:\/\/www.mbmwestra.cz\/wp-content\/uploads\/2017\/12\/vyrobek_08-360x240.jpg 360w, https:\/\/www.mbmwestra.cz\/wp-content\/uploads\/2017\/12\/vyrobek_08-360x240@2x.jpg 720w, https:\/\/www.mbmwestra.cz\/wp-content\/uploads\/2017\/12\/vyrobek_08-360x240@2x.jpg 2x\" width=\"360\" height=\"240\"><\/a><\/div><\/figure><\/div><\/div><\/div>[\/vc_column][\/vc_row]\n<\/div>","protected":false},"excerpt":{"rendered":"<p>[vc_row full_width=&#8221;stretch_row&#8221; css=&#8221;.vc_custom_1512856635631{padding-top: 70px !important;padding-bottom: 70px !important;background: #3c3c3c url(http:\/\/www.mbmwestra.cz\/wp-content\/uploads\/2017\/12\/backgroung_image_vyrobky.jpg?id=255) !important;background-position: 0 0 !important;background-repeat: no-repeat !important;}&#8221; wpex_bg_position=&#8221;top center&#8221;][vc_column css=&#8221;.vc_custom_1512856917147{margin-bottom: 0px !important;}&#8221;][vc_custom_heading text=&#8221;Our products&#8221; font_container=&#8221;tag:h1|text_align:left|color:%23ffffff&#8221; use_theme_fonts=&#8221;yes&#8221; css=&#8221;.vc_custom_1513591844419{margin-bottom: 70px !important;}&#8221;][\/vc_column][\/vc_row]<\/p>\n","protected":false},"author":1,"featured_media":0,"parent":0,"menu_order":0,"comment_status":"closed","ping_status":"closed","template":"","meta":{"footnotes":""},"class_list":["post-518","page","type-page","status-publish","hentry","entry","no-media"],"yoast_head":"<!-- This site is optimized with the Yoast SEO plugin v27.5 - https:\/\/yoast.com\/product\/yoast-seo-wordpress\/ -->\n<title>Products - MBM WESTRA s.r.o.<\/title>\n<meta name=\"robots\" content=\"index, follow, max-snippet:-1, max-image-preview:large, max-video-preview:-1\" \/>\n<link rel=\"canonical\" href=\"https:\/\/www.mbmwestra.cz\/en\/products\/\" \/>\n<meta property=\"og:locale\" content=\"en_US\" \/>\n<meta property=\"og:type\" content=\"article\" \/>\n<meta property=\"og:title\" content=\"Products - MBM WESTRA s.r.o.\" \/>\n<meta property=\"og:description\" content=\"[vc_row full_width=&#8221;stretch_row&#8221; css=&#8221;.vc_custom_1512856635631{padding-top: 70px !important;padding-bottom: 70px !important;background: #3c3c3c url(http:\/\/www.mbmwestra.cz\/wp-content\/uploads\/2017\/12\/backgroung_image_vyrobky.jpg?id=255) !important;background-position: 0 0 !important;background-repeat: no-repeat !important;}&#8221; wpex_bg_position=&#8221;top center&#8221;][vc_column css=&#8221;.vc_custom_1512856917147{margin-bottom: 0px !important;}&#8221;][vc_custom_heading text=&#8221;Our products&#8221; font_container=&#8221;tag:h1|text_align:left|color:%23ffffff&#8221; use_theme_fonts=&#8221;yes&#8221; css=&#8221;.vc_custom_1513591844419{margin-bottom: 70px !important;}&#8221;][\/vc_column][\/vc_row]\" \/>\n<meta property=\"og:url\" content=\"https:\/\/www.mbmwestra.cz\/en\/products\/\" \/>\n<meta property=\"og:site_name\" content=\"MBM WESTRA s.r.o.\" \/>\n<meta property=\"article:modified_time\" content=\"2017-12-21T20:41:29+00:00\" \/>\n<meta name=\"twitter:card\" content=\"summary_large_image\" \/>\n<script type=\"application\/ld+json\" class=\"yoast-schema-graph\">{\"@context\":\"https:\\\/\\\/schema.org\",\"@graph\":[{\"@type\":\"WebPage\",\"@id\":\"https:\\\/\\\/www.mbmwestra.cz\\\/en\\\/products\\\/\",\"url\":\"https:\\\/\\\/www.mbmwestra.cz\\\/en\\\/products\\\/\",\"name\":\"Products - MBM WESTRA s.r.o.\",\"isPartOf\":{\"@id\":\"https:\\\/\\\/www.mbmwestra.cz\\\/en\\\/#website\"},\"datePublished\":\"2017-12-18T10:11:04+00:00\",\"dateModified\":\"2017-12-21T20:41:29+00:00\",\"breadcrumb\":{\"@id\":\"https:\\\/\\\/www.mbmwestra.cz\\\/en\\\/products\\\/#breadcrumb\"},\"inLanguage\":\"en-US\",\"potentialAction\":[{\"@type\":\"ReadAction\",\"target\":[\"https:\\\/\\\/www.mbmwestra.cz\\\/en\\\/products\\\/\"]}]},{\"@type\":\"BreadcrumbList\",\"@id\":\"https:\\\/\\\/www.mbmwestra.cz\\\/en\\\/products\\\/#breadcrumb\",\"itemListElement\":[{\"@type\":\"ListItem\",\"position\":1,\"name\":\"Home\",\"item\":\"https:\\\/\\\/www.mbmwestra.cz\\\/en\\\/\"},{\"@type\":\"ListItem\",\"position\":2,\"name\":\"Products\"}]},{\"@type\":\"WebSite\",\"@id\":\"https:\\\/\\\/www.mbmwestra.cz\\\/en\\\/#website\",\"url\":\"https:\\\/\\\/www.mbmwestra.cz\\\/en\\\/\",\"name\":\"MBM WESTRA s.r.o.\",\"description\":\"V\u00fdroba stroj\u016f a \u010d\u00e1st\u00ed za\u0159\u00edzen\u00ed na zak\u00e1zku\",\"publisher\":{\"@id\":\"https:\\\/\\\/www.mbmwestra.cz\\\/en\\\/#organization\"},\"potentialAction\":[{\"@type\":\"SearchAction\",\"target\":{\"@type\":\"EntryPoint\",\"urlTemplate\":\"https:\\\/\\\/www.mbmwestra.cz\\\/en\\\/?s={search_term_string}\"},\"query-input\":{\"@type\":\"PropertyValueSpecification\",\"valueRequired\":true,\"valueName\":\"search_term_string\"}}],\"inLanguage\":\"en-US\"},{\"@type\":\"Organization\",\"@id\":\"https:\\\/\\\/www.mbmwestra.cz\\\/en\\\/#organization\",\"name\":\"MBM WESTRA s.r.o.\",\"url\":\"https:\\\/\\\/www.mbmwestra.cz\\\/en\\\/\",\"logo\":{\"@type\":\"ImageObject\",\"inLanguage\":\"en-US\",\"@id\":\"https:\\\/\\\/www.mbmwestra.cz\\\/en\\\/#\\\/schema\\\/logo\\\/image\\\/\",\"url\":\"http:\\\/\\\/www.mbmwestra.cz\\\/wp-content\\\/uploads\\\/2019\\\/10\\\/westra_logo_dark_RGB.png\",\"contentUrl\":\"http:\\\/\\\/www.mbmwestra.cz\\\/wp-content\\\/uploads\\\/2019\\\/10\\\/westra_logo_dark_RGB.png\",\"width\":3151,\"height\":527,\"caption\":\"MBM WESTRA s.r.o.\"},\"image\":{\"@id\":\"https:\\\/\\\/www.mbmwestra.cz\\\/en\\\/#\\\/schema\\\/logo\\\/image\\\/\"}}]}<\/script>\n<!-- \/ Yoast SEO plugin. -->","yoast_head_json":{"title":"Products - MBM WESTRA s.r.o.","robots":{"index":"index","follow":"follow","max-snippet":"max-snippet:-1","max-image-preview":"max-image-preview:large","max-video-preview":"max-video-preview:-1"},"canonical":"https:\/\/www.mbmwestra.cz\/en\/products\/","og_locale":"en_US","og_type":"article","og_title":"Products - MBM WESTRA s.r.o.","og_description":"[vc_row full_width=&#8221;stretch_row&#8221; css=&#8221;.vc_custom_1512856635631{padding-top: 70px !important;padding-bottom: 70px !important;background: #3c3c3c url(http:\/\/www.mbmwestra.cz\/wp-content\/uploads\/2017\/12\/backgroung_image_vyrobky.jpg?id=255) !important;background-position: 0 0 !important;background-repeat: no-repeat !important;}&#8221; wpex_bg_position=&#8221;top center&#8221;][vc_column css=&#8221;.vc_custom_1512856917147{margin-bottom: 0px !important;}&#8221;][vc_custom_heading text=&#8221;Our products&#8221; font_container=&#8221;tag:h1|text_align:left|color:%23ffffff&#8221; use_theme_fonts=&#8221;yes&#8221; css=&#8221;.vc_custom_1513591844419{margin-bottom: 70px !important;}&#8221;][\/vc_column][\/vc_row]","og_url":"https:\/\/www.mbmwestra.cz\/en\/products\/","og_site_name":"MBM WESTRA s.r.o.","article_modified_time":"2017-12-21T20:41:29+00:00","twitter_card":"summary_large_image","schema":{"@context":"https:\/\/schema.org","@graph":[{"@type":"WebPage","@id":"https:\/\/www.mbmwestra.cz\/en\/products\/","url":"https:\/\/www.mbmwestra.cz\/en\/products\/","name":"Products - MBM WESTRA s.r.o.","isPartOf":{"@id":"https:\/\/www.mbmwestra.cz\/en\/#website"},"datePublished":"2017-12-18T10:11:04+00:00","dateModified":"2017-12-21T20:41:29+00:00","breadcrumb":{"@id":"https:\/\/www.mbmwestra.cz\/en\/products\/#breadcrumb"},"inLanguage":"en-US","potentialAction":[{"@type":"ReadAction","target":["https:\/\/www.mbmwestra.cz\/en\/products\/"]}]},{"@type":"BreadcrumbList","@id":"https:\/\/www.mbmwestra.cz\/en\/products\/#breadcrumb","itemListElement":[{"@type":"ListItem","position":1,"name":"Home","item":"https:\/\/www.mbmwestra.cz\/en\/"},{"@type":"ListItem","position":2,"name":"Products"}]},{"@type":"WebSite","@id":"https:\/\/www.mbmwestra.cz\/en\/#website","url":"https:\/\/www.mbmwestra.cz\/en\/","name":"MBM WESTRA s.r.o.","description":"V\u00fdroba stroj\u016f a \u010d\u00e1st\u00ed za\u0159\u00edzen\u00ed na zak\u00e1zku","publisher":{"@id":"https:\/\/www.mbmwestra.cz\/en\/#organization"},"potentialAction":[{"@type":"SearchAction","target":{"@type":"EntryPoint","urlTemplate":"https:\/\/www.mbmwestra.cz\/en\/?s={search_term_string}"},"query-input":{"@type":"PropertyValueSpecification","valueRequired":true,"valueName":"search_term_string"}}],"inLanguage":"en-US"},{"@type":"Organization","@id":"https:\/\/www.mbmwestra.cz\/en\/#organization","name":"MBM WESTRA s.r.o.","url":"https:\/\/www.mbmwestra.cz\/en\/","logo":{"@type":"ImageObject","inLanguage":"en-US","@id":"https:\/\/www.mbmwestra.cz\/en\/#\/schema\/logo\/image\/","url":"http:\/\/www.mbmwestra.cz\/wp-content\/uploads\/2019\/10\/westra_logo_dark_RGB.png","contentUrl":"http:\/\/www.mbmwestra.cz\/wp-content\/uploads\/2019\/10\/westra_logo_dark_RGB.png","width":3151,"height":527,"caption":"MBM WESTRA s.r.o."},"image":{"@id":"https:\/\/www.mbmwestra.cz\/en\/#\/schema\/logo\/image\/"}}]}},"_links":{"self":[{"href":"https:\/\/www.mbmwestra.cz\/en\/wp-json\/wp\/v2\/pages\/518","targetHints":{"allow":["GET"]}}],"collection":[{"href":"https:\/\/www.mbmwestra.cz\/en\/wp-json\/wp\/v2\/pages"}],"about":[{"href":"https:\/\/www.mbmwestra.cz\/en\/wp-json\/wp\/v2\/types\/page"}],"author":[{"embeddable":true,"href":"https:\/\/www.mbmwestra.cz\/en\/wp-json\/wp\/v2\/users\/1"}],"replies":[{"embeddable":true,"href":"https:\/\/www.mbmwestra.cz\/en\/wp-json\/wp\/v2\/comments?post=518"}],"version-history":[{"count":2,"href":"https:\/\/www.mbmwestra.cz\/en\/wp-json\/wp\/v2\/pages\/518\/revisions"}],"predecessor-version":[{"id":640,"href":"https:\/\/www.mbmwestra.cz\/en\/wp-json\/wp\/v2\/pages\/518\/revisions\/640"}],"wp:attachment":[{"href":"https:\/\/www.mbmwestra.cz\/en\/wp-json\/wp\/v2\/media?parent=518"}],"curies":[{"name":"wp","href":"https:\/\/api.w.org\/{rel}","templated":true}]}}