{"id":527,"date":"2017-12-18T11:17:43","date_gmt":"2017-12-18T10:17:43","guid":{"rendered":"http:\/\/www.mbmwestra.cz\/?page_id=527"},"modified":"2017-12-21T22:26:30","modified_gmt":"2017-12-21T21:26:30","slug":"facilities","status":"publish","type":"page","link":"https:\/\/www.mbmwestra.cz\/en\/facilities\/","title":{"rendered":"Facilities"},"content":{"rendered":"<div class=\"wpb-content-wrapper\">[vc_row full_width=&#8221;stretch_row&#8221; css=&#8221;.vc_custom_1512857612073{padding-top: 70px !important;padding-bottom: 70px !important;background: #3c3c3c url(http:\/\/www.mbmwestra.cz\/wp-content\/uploads\/2017\/12\/backgroung_image_zarizeni.jpg?id=269) !important;background-position: 0 0 !important;background-repeat: no-repeat !important;}&#8221; wpex_bg_position=&#8221;top center&#8221;][vc_column css=&#8221;.vc_custom_1512856917147{margin-bottom: 0px !important;}&#8221;][vc_custom_heading text=&#8221;Our machines and facilities&#8221; font_container=&#8221;tag:h1|text_align:left|color:%23ffffff&#8221; use_theme_fonts=&#8221;yes&#8221; css=&#8221;.vc_custom_1513592270028{margin-bottom: 70px !important;}&#8221;]<div class=\"vcex-image-grid-wrap\"><div class=\"vcex-module vcex-image-grid grid-style-default wpex-row wpex-clr wpex-lightbox-group\"><div class=\"id-589 vcex-image-grid-entry vcex-grid-item wpex-text-center span_1_of_3 col col-1\"><figure class=\"vcex-image-grid-entry-figure wpex-last-mb-0 wpex-clr\"><div class=\"vcex-image-grid-entry-img entry-media wpex-relative wpex-mb-20\"><a href=\"https:\/\/www.mbmwestra.cz\/wp-content\/uploads\/2017\/12\/stroj_06_Zayer-4000-1500x994.jpg\" class=\"vcex-image-grid-entry-link wpex-lightbox-group-item\" ><img loading=\"lazy\" class=\"wpex-align-middle\" decoding=\"async\" src=\"https:\/\/www.mbmwestra.cz\/wp-content\/uploads\/2017\/12\/stroj_06_Zayer-4000-360x240.jpg\" alt=\"\" srcset=\"https:\/\/www.mbmwestra.cz\/wp-content\/uploads\/2017\/12\/stroj_06_Zayer-4000-360x240.jpg 360w, https:\/\/www.mbmwestra.cz\/wp-content\/uploads\/2017\/12\/stroj_06_Zayer-4000-300x199.jpg 300w, https:\/\/www.mbmwestra.cz\/wp-content\/uploads\/2017\/12\/stroj_06_Zayer-4000-768x509.jpg 768w, https:\/\/www.mbmwestra.cz\/wp-content\/uploads\/2017\/12\/stroj_06_Zayer-4000-360x240@2x.jpg 720w, https:\/\/www.mbmwestra.cz\/wp-content\/uploads\/2017\/12\/stroj_06_Zayer-4000-1500x994.jpg 1500w, https:\/\/www.mbmwestra.cz\/wp-content\/uploads\/2017\/12\/stroj_06_Zayer-4000-360x240@2x.jpg 2x\" width=\"360\" height=\"240\"><\/a><\/div><figcaption class=\"vcex-image-grid-entry-title wpex-mb-10 wpex-clr\"><h2 class=\"entry-title\">Zayer 20KF 4000, Zayer 20KFU 4000<\/h2><\/figcaption><\/figure><\/div><div class=\"id-586 vcex-image-grid-entry vcex-grid-item wpex-text-center span_1_of_3 col col-2\"><figure class=\"vcex-image-grid-entry-figure wpex-last-mb-0 wpex-clr\"><div class=\"vcex-image-grid-entry-img entry-media wpex-relative wpex-mb-20\"><a href=\"https:\/\/www.mbmwestra.cz\/wp-content\/uploads\/2017\/12\/stroj_05_Pr\u016fb\u011b\u017en\u00fd-tryska\u010d-1500x994.jpg\" class=\"vcex-image-grid-entry-link wpex-lightbox-group-item\" ><img loading=\"lazy\" class=\"wpex-align-middle\" decoding=\"async\" src=\"https:\/\/www.mbmwestra.cz\/wp-content\/uploads\/2017\/12\/stroj_05_Pr\u016fb\u011b\u017en\u00fd-tryska\u010d-360x240.jpg\" alt=\"\" srcset=\"https:\/\/www.mbmwestra.cz\/wp-content\/uploads\/2017\/12\/stroj_05_Pr\u016fb\u011b\u017en\u00fd-tryska\u010d-360x240.jpg 360w, https:\/\/www.mbmwestra.cz\/wp-content\/uploads\/2017\/12\/stroj_05_Pr\u016fb\u011b\u017en\u00fd-tryska\u010d-300x199.jpg 300w, https:\/\/www.mbmwestra.cz\/wp-content\/uploads\/2017\/12\/stroj_05_Pr\u016fb\u011b\u017en\u00fd-tryska\u010d-768x509.jpg 768w, https:\/\/www.mbmwestra.cz\/wp-content\/uploads\/2017\/12\/stroj_05_Pr\u016fb\u011b\u017en\u00fd-tryska\u010d-360x240@2x.jpg 720w, https:\/\/www.mbmwestra.cz\/wp-content\/uploads\/2017\/12\/stroj_05_Pr\u016fb\u011b\u017en\u00fd-tryska\u010d-1500x994.jpg 1500w, https:\/\/www.mbmwestra.cz\/wp-content\/uploads\/2017\/12\/stroj_05_Pr\u016fb\u011b\u017en\u00fd-tryska\u010d-360x240@2x.jpg 2x\" width=\"360\" height=\"240\"><\/a><\/div><figcaption class=\"vcex-image-grid-entry-title wpex-mb-10 wpex-clr\"><h2 class=\"entry-title\">Continuous blast wheel machine<\/h2><\/figcaption><\/figure><\/div><div class=\"id-583 vcex-image-grid-entry vcex-grid-item wpex-text-center span_1_of_3 col col-3\"><figure class=\"vcex-image-grid-entry-figure wpex-last-mb-0 wpex-clr\"><div class=\"vcex-image-grid-entry-img entry-media wpex-relative wpex-mb-20\"><a href=\"https:\/\/www.mbmwestra.cz\/wp-content\/uploads\/2017\/12\/stroj_04_Odma\u0161\u0165ovac\u00ed-box-1500x994.jpg\" class=\"vcex-image-grid-entry-link wpex-lightbox-group-item\" ><img loading=\"lazy\" class=\"wpex-align-middle\" decoding=\"async\" src=\"https:\/\/www.mbmwestra.cz\/wp-content\/uploads\/2017\/12\/stroj_04_Odma\u0161\u0165ovac\u00ed-box-360x240.jpg\" alt=\"\" srcset=\"https:\/\/www.mbmwestra.cz\/wp-content\/uploads\/2017\/12\/stroj_04_Odma\u0161\u0165ovac\u00ed-box-360x240.jpg 360w, https:\/\/www.mbmwestra.cz\/wp-content\/uploads\/2017\/12\/stroj_04_Odma\u0161\u0165ovac\u00ed-box-300x199.jpg 300w, https:\/\/www.mbmwestra.cz\/wp-content\/uploads\/2017\/12\/stroj_04_Odma\u0161\u0165ovac\u00ed-box-768x509.jpg 768w, https:\/\/www.mbmwestra.cz\/wp-content\/uploads\/2017\/12\/stroj_04_Odma\u0161\u0165ovac\u00ed-box-360x240@2x.jpg 720w, https:\/\/www.mbmwestra.cz\/wp-content\/uploads\/2017\/12\/stroj_04_Odma\u0161\u0165ovac\u00ed-box-1500x994.jpg 1500w, https:\/\/www.mbmwestra.cz\/wp-content\/uploads\/2017\/12\/stroj_04_Odma\u0161\u0165ovac\u00ed-box-360x240@2x.jpg 2x\" width=\"360\" height=\"240\"><\/a><\/div><figcaption class=\"vcex-image-grid-entry-title wpex-mb-10 wpex-clr\"><h2 class=\"entry-title\">Degreasing room<\/h2><\/figcaption><\/figure><\/div><div class=\"id-580 vcex-image-grid-entry vcex-grid-item wpex-text-center span_1_of_3 col col-1\"><figure class=\"vcex-image-grid-entry-figure wpex-last-mb-0 wpex-clr\"><div class=\"vcex-image-grid-entry-img entry-media wpex-relative wpex-mb-20\"><a href=\"https:\/\/www.mbmwestra.cz\/wp-content\/uploads\/2017\/12\/stroj_03_MCV-1270-1500x994.jpg\" class=\"vcex-image-grid-entry-link wpex-lightbox-group-item\" ><img loading=\"lazy\" class=\"wpex-align-middle\" decoding=\"async\" src=\"https:\/\/www.mbmwestra.cz\/wp-content\/uploads\/2017\/12\/stroj_03_MCV-1270-360x240.jpg\" alt=\"\" srcset=\"https:\/\/www.mbmwestra.cz\/wp-content\/uploads\/2017\/12\/stroj_03_MCV-1270-360x240.jpg 360w, https:\/\/www.mbmwestra.cz\/wp-content\/uploads\/2017\/12\/stroj_03_MCV-1270-300x199.jpg 300w, https:\/\/www.mbmwestra.cz\/wp-content\/uploads\/2017\/12\/stroj_03_MCV-1270-768x509.jpg 768w, https:\/\/www.mbmwestra.cz\/wp-content\/uploads\/2017\/12\/stroj_03_MCV-1270-360x240@2x.jpg 720w, https:\/\/www.mbmwestra.cz\/wp-content\/uploads\/2017\/12\/stroj_03_MCV-1270-1500x994.jpg 1500w, https:\/\/www.mbmwestra.cz\/wp-content\/uploads\/2017\/12\/stroj_03_MCV-1270-360x240@2x.jpg 2x\" width=\"360\" height=\"240\"><\/a><\/div><figcaption class=\"vcex-image-grid-entry-title wpex-mb-10 wpex-clr\"><h2 class=\"entry-title\">MCV 1270<\/h2><\/figcaption><\/figure><\/div><div class=\"id-577 vcex-image-grid-entry vcex-grid-item wpex-text-center span_1_of_3 col col-2\"><figure class=\"vcex-image-grid-entry-figure wpex-last-mb-0 wpex-clr\"><div class=\"vcex-image-grid-entry-img entry-media wpex-relative wpex-mb-20\"><a href=\"https:\/\/www.mbmwestra.cz\/wp-content\/uploads\/2017\/12\/stroj_02_MCV-1016-1500x994.jpg\" class=\"vcex-image-grid-entry-link wpex-lightbox-group-item\" ><img loading=\"lazy\" class=\"wpex-align-middle\" decoding=\"async\" src=\"https:\/\/www.mbmwestra.cz\/wp-content\/uploads\/2017\/12\/stroj_02_MCV-1016-360x240.jpg\" alt=\"\" srcset=\"https:\/\/www.mbmwestra.cz\/wp-content\/uploads\/2017\/12\/stroj_02_MCV-1016-360x240.jpg 360w, https:\/\/www.mbmwestra.cz\/wp-content\/uploads\/2017\/12\/stroj_02_MCV-1016-300x199.jpg 300w, https:\/\/www.mbmwestra.cz\/wp-content\/uploads\/2017\/12\/stroj_02_MCV-1016-768x509.jpg 768w, https:\/\/www.mbmwestra.cz\/wp-content\/uploads\/2017\/12\/stroj_02_MCV-1016-360x240@2x.jpg 720w, https:\/\/www.mbmwestra.cz\/wp-content\/uploads\/2017\/12\/stroj_02_MCV-1016-1500x994.jpg 1500w, https:\/\/www.mbmwestra.cz\/wp-content\/uploads\/2017\/12\/stroj_02_MCV-1016-360x240@2x.jpg 2x\" width=\"360\" height=\"240\"><\/a><\/div><figcaption class=\"vcex-image-grid-entry-title wpex-mb-10 wpex-clr\"><h2 class=\"entry-title\">MCV 1016<\/h2><\/figcaption><\/figure><\/div><div class=\"id-574 vcex-image-grid-entry vcex-grid-item wpex-text-center span_1_of_3 col col-3\"><figure class=\"vcex-image-grid-entry-figure wpex-last-mb-0 wpex-clr\"><div class=\"vcex-image-grid-entry-img entry-media wpex-relative wpex-mb-20\"><a href=\"https:\/\/www.mbmwestra.cz\/wp-content\/uploads\/2017\/12\/stroj_01_CNC-pila-Bomar-1500x994.jpg\" class=\"vcex-image-grid-entry-link wpex-lightbox-group-item\" ><img loading=\"lazy\" class=\"wpex-align-middle\" decoding=\"async\" src=\"https:\/\/www.mbmwestra.cz\/wp-content\/uploads\/2017\/12\/stroj_01_CNC-pila-Bomar-360x240.jpg\" alt=\"\" srcset=\"https:\/\/www.mbmwestra.cz\/wp-content\/uploads\/2017\/12\/stroj_01_CNC-pila-Bomar-360x240.jpg 360w, https:\/\/www.mbmwestra.cz\/wp-content\/uploads\/2017\/12\/stroj_01_CNC-pila-Bomar-300x199.jpg 300w, https:\/\/www.mbmwestra.cz\/wp-content\/uploads\/2017\/12\/stroj_01_CNC-pila-Bomar-768x509.jpg 768w, https:\/\/www.mbmwestra.cz\/wp-content\/uploads\/2017\/12\/stroj_01_CNC-pila-Bomar-360x240@2x.jpg 720w, https:\/\/www.mbmwestra.cz\/wp-content\/uploads\/2017\/12\/stroj_01_CNC-pila-Bomar-1500x994.jpg 1500w, https:\/\/www.mbmwestra.cz\/wp-content\/uploads\/2017\/12\/stroj_01_CNC-pila-Bomar-360x240@2x.jpg 2x\" width=\"360\" height=\"240\"><\/a><\/div><figcaption class=\"vcex-image-grid-entry-title wpex-mb-10 wpex-clr\"><h2 class=\"entry-title\">Bomar bandsaw<\/h2><\/figcaption><\/figure><\/div><\/div><\/div>[\/vc_column][\/vc_row]\n<\/div>","protected":false},"excerpt":{"rendered":"<p>[vc_row full_width=&#8221;stretch_row&#8221; css=&#8221;.vc_custom_1512857612073{padding-top: 70px !important;padding-bottom: 70px !important;background: #3c3c3c url(http:\/\/www.mbmwestra.cz\/wp-content\/uploads\/2017\/12\/backgroung_image_zarizeni.jpg?id=269) !important;background-position: 0 0 !important;background-repeat: no-repeat !important;}&#8221; wpex_bg_position=&#8221;top center&#8221;][vc_column css=&#8221;.vc_custom_1512856917147{margin-bottom: 0px !important;}&#8221;][vc_custom_heading text=&#8221;Our machines and facilities&#8221; font_container=&#8221;tag:h1|text_align:left|color:%23ffffff&#8221; use_theme_fonts=&#8221;yes&#8221; css=&#8221;.vc_custom_1513592270028{margin-bottom: 70px !important;}&#8221;][\/vc_column][\/vc_row]<\/p>\n","protected":false},"author":1,"featured_media":0,"parent":0,"menu_order":0,"comment_status":"closed","ping_status":"closed","template":"","meta":{"footnotes":""},"class_list":["post-527","page","type-page","status-publish","hentry","entry","no-media"],"yoast_head":"<!-- This site is optimized with the Yoast SEO plugin v27.4 - https:\/\/yoast.com\/product\/yoast-seo-wordpress\/ -->\n<title>Facilities - MBM WESTRA s.r.o.<\/title>\n<meta name=\"robots\" content=\"index, follow, max-snippet:-1, max-image-preview:large, max-video-preview:-1\" \/>\n<link rel=\"canonical\" href=\"https:\/\/www.mbmwestra.cz\/en\/facilities\/\" \/>\n<meta property=\"og:locale\" content=\"en_US\" \/>\n<meta property=\"og:type\" content=\"article\" \/>\n<meta property=\"og:title\" content=\"Facilities - MBM WESTRA s.r.o.\" \/>\n<meta property=\"og:description\" content=\"[vc_row full_width=&#8221;stretch_row&#8221; css=&#8221;.vc_custom_1512857612073{padding-top: 70px !important;padding-bottom: 70px !important;background: #3c3c3c url(http:\/\/www.mbmwestra.cz\/wp-content\/uploads\/2017\/12\/backgroung_image_zarizeni.jpg?id=269) !important;background-position: 0 0 !important;background-repeat: no-repeat !important;}&#8221; wpex_bg_position=&#8221;top center&#8221;][vc_column css=&#8221;.vc_custom_1512856917147{margin-bottom: 0px !important;}&#8221;][vc_custom_heading text=&#8221;Our machines and facilities&#8221; font_container=&#8221;tag:h1|text_align:left|color:%23ffffff&#8221; use_theme_fonts=&#8221;yes&#8221; css=&#8221;.vc_custom_1513592270028{margin-bottom: 70px !important;}&#8221;][\/vc_column][\/vc_row]\" \/>\n<meta property=\"og:url\" content=\"https:\/\/www.mbmwestra.cz\/en\/facilities\/\" \/>\n<meta property=\"og:site_name\" content=\"MBM WESTRA s.r.o.\" \/>\n<meta property=\"article:modified_time\" content=\"2017-12-21T21:26:30+00:00\" \/>\n<meta name=\"twitter:card\" content=\"summary_large_image\" \/>\n<script type=\"application\/ld+json\" class=\"yoast-schema-graph\">{\"@context\":\"https:\\\/\\\/schema.org\",\"@graph\":[{\"@type\":\"WebPage\",\"@id\":\"https:\\\/\\\/www.mbmwestra.cz\\\/en\\\/facilities\\\/\",\"url\":\"https:\\\/\\\/www.mbmwestra.cz\\\/en\\\/facilities\\\/\",\"name\":\"Facilities - MBM WESTRA s.r.o.\",\"isPartOf\":{\"@id\":\"https:\\\/\\\/www.mbmwestra.cz\\\/en\\\/#website\"},\"datePublished\":\"2017-12-18T10:17:43+00:00\",\"dateModified\":\"2017-12-21T21:26:30+00:00\",\"breadcrumb\":{\"@id\":\"https:\\\/\\\/www.mbmwestra.cz\\\/en\\\/facilities\\\/#breadcrumb\"},\"inLanguage\":\"en-US\",\"potentialAction\":[{\"@type\":\"ReadAction\",\"target\":[\"https:\\\/\\\/www.mbmwestra.cz\\\/en\\\/facilities\\\/\"]}]},{\"@type\":\"BreadcrumbList\",\"@id\":\"https:\\\/\\\/www.mbmwestra.cz\\\/en\\\/facilities\\\/#breadcrumb\",\"itemListElement\":[{\"@type\":\"ListItem\",\"position\":1,\"name\":\"Home\",\"item\":\"https:\\\/\\\/www.mbmwestra.cz\\\/en\\\/\"},{\"@type\":\"ListItem\",\"position\":2,\"name\":\"Facilities\"}]},{\"@type\":\"WebSite\",\"@id\":\"https:\\\/\\\/www.mbmwestra.cz\\\/en\\\/#website\",\"url\":\"https:\\\/\\\/www.mbmwestra.cz\\\/en\\\/\",\"name\":\"MBM WESTRA s.r.o.\",\"description\":\"V\u00fdroba stroj\u016f a \u010d\u00e1st\u00ed za\u0159\u00edzen\u00ed na zak\u00e1zku\",\"publisher\":{\"@id\":\"https:\\\/\\\/www.mbmwestra.cz\\\/en\\\/#organization\"},\"potentialAction\":[{\"@type\":\"SearchAction\",\"target\":{\"@type\":\"EntryPoint\",\"urlTemplate\":\"https:\\\/\\\/www.mbmwestra.cz\\\/en\\\/?s={search_term_string}\"},\"query-input\":{\"@type\":\"PropertyValueSpecification\",\"valueRequired\":true,\"valueName\":\"search_term_string\"}}],\"inLanguage\":\"en-US\"},{\"@type\":\"Organization\",\"@id\":\"https:\\\/\\\/www.mbmwestra.cz\\\/en\\\/#organization\",\"name\":\"MBM WESTRA s.r.o.\",\"url\":\"https:\\\/\\\/www.mbmwestra.cz\\\/en\\\/\",\"logo\":{\"@type\":\"ImageObject\",\"inLanguage\":\"en-US\",\"@id\":\"https:\\\/\\\/www.mbmwestra.cz\\\/en\\\/#\\\/schema\\\/logo\\\/image\\\/\",\"url\":\"http:\\\/\\\/www.mbmwestra.cz\\\/wp-content\\\/uploads\\\/2019\\\/10\\\/westra_logo_dark_RGB.png\",\"contentUrl\":\"http:\\\/\\\/www.mbmwestra.cz\\\/wp-content\\\/uploads\\\/2019\\\/10\\\/westra_logo_dark_RGB.png\",\"width\":3151,\"height\":527,\"caption\":\"MBM WESTRA s.r.o.\"},\"image\":{\"@id\":\"https:\\\/\\\/www.mbmwestra.cz\\\/en\\\/#\\\/schema\\\/logo\\\/image\\\/\"}}]}<\/script>\n<!-- \/ Yoast SEO plugin. -->","yoast_head_json":{"title":"Facilities - MBM WESTRA s.r.o.","robots":{"index":"index","follow":"follow","max-snippet":"max-snippet:-1","max-image-preview":"max-image-preview:large","max-video-preview":"max-video-preview:-1"},"canonical":"https:\/\/www.mbmwestra.cz\/en\/facilities\/","og_locale":"en_US","og_type":"article","og_title":"Facilities - MBM WESTRA s.r.o.","og_description":"[vc_row full_width=&#8221;stretch_row&#8221; css=&#8221;.vc_custom_1512857612073{padding-top: 70px !important;padding-bottom: 70px !important;background: #3c3c3c url(http:\/\/www.mbmwestra.cz\/wp-content\/uploads\/2017\/12\/backgroung_image_zarizeni.jpg?id=269) !important;background-position: 0 0 !important;background-repeat: no-repeat !important;}&#8221; wpex_bg_position=&#8221;top center&#8221;][vc_column css=&#8221;.vc_custom_1512856917147{margin-bottom: 0px !important;}&#8221;][vc_custom_heading text=&#8221;Our machines and facilities&#8221; font_container=&#8221;tag:h1|text_align:left|color:%23ffffff&#8221; use_theme_fonts=&#8221;yes&#8221; css=&#8221;.vc_custom_1513592270028{margin-bottom: 70px !important;}&#8221;][\/vc_column][\/vc_row]","og_url":"https:\/\/www.mbmwestra.cz\/en\/facilities\/","og_site_name":"MBM WESTRA s.r.o.","article_modified_time":"2017-12-21T21:26:30+00:00","twitter_card":"summary_large_image","schema":{"@context":"https:\/\/schema.org","@graph":[{"@type":"WebPage","@id":"https:\/\/www.mbmwestra.cz\/en\/facilities\/","url":"https:\/\/www.mbmwestra.cz\/en\/facilities\/","name":"Facilities - MBM WESTRA s.r.o.","isPartOf":{"@id":"https:\/\/www.mbmwestra.cz\/en\/#website"},"datePublished":"2017-12-18T10:17:43+00:00","dateModified":"2017-12-21T21:26:30+00:00","breadcrumb":{"@id":"https:\/\/www.mbmwestra.cz\/en\/facilities\/#breadcrumb"},"inLanguage":"en-US","potentialAction":[{"@type":"ReadAction","target":["https:\/\/www.mbmwestra.cz\/en\/facilities\/"]}]},{"@type":"BreadcrumbList","@id":"https:\/\/www.mbmwestra.cz\/en\/facilities\/#breadcrumb","itemListElement":[{"@type":"ListItem","position":1,"name":"Home","item":"https:\/\/www.mbmwestra.cz\/en\/"},{"@type":"ListItem","position":2,"name":"Facilities"}]},{"@type":"WebSite","@id":"https:\/\/www.mbmwestra.cz\/en\/#website","url":"https:\/\/www.mbmwestra.cz\/en\/","name":"MBM WESTRA s.r.o.","description":"V\u00fdroba stroj\u016f a \u010d\u00e1st\u00ed za\u0159\u00edzen\u00ed na zak\u00e1zku","publisher":{"@id":"https:\/\/www.mbmwestra.cz\/en\/#organization"},"potentialAction":[{"@type":"SearchAction","target":{"@type":"EntryPoint","urlTemplate":"https:\/\/www.mbmwestra.cz\/en\/?s={search_term_string}"},"query-input":{"@type":"PropertyValueSpecification","valueRequired":true,"valueName":"search_term_string"}}],"inLanguage":"en-US"},{"@type":"Organization","@id":"https:\/\/www.mbmwestra.cz\/en\/#organization","name":"MBM WESTRA s.r.o.","url":"https:\/\/www.mbmwestra.cz\/en\/","logo":{"@type":"ImageObject","inLanguage":"en-US","@id":"https:\/\/www.mbmwestra.cz\/en\/#\/schema\/logo\/image\/","url":"http:\/\/www.mbmwestra.cz\/wp-content\/uploads\/2019\/10\/westra_logo_dark_RGB.png","contentUrl":"http:\/\/www.mbmwestra.cz\/wp-content\/uploads\/2019\/10\/westra_logo_dark_RGB.png","width":3151,"height":527,"caption":"MBM WESTRA s.r.o."},"image":{"@id":"https:\/\/www.mbmwestra.cz\/en\/#\/schema\/logo\/image\/"}}]}},"_links":{"self":[{"href":"https:\/\/www.mbmwestra.cz\/en\/wp-json\/wp\/v2\/pages\/527","targetHints":{"allow":["GET"]}}],"collection":[{"href":"https:\/\/www.mbmwestra.cz\/en\/wp-json\/wp\/v2\/pages"}],"about":[{"href":"https:\/\/www.mbmwestra.cz\/en\/wp-json\/wp\/v2\/types\/page"}],"author":[{"embeddable":true,"href":"https:\/\/www.mbmwestra.cz\/en\/wp-json\/wp\/v2\/users\/1"}],"replies":[{"embeddable":true,"href":"https:\/\/www.mbmwestra.cz\/en\/wp-json\/wp\/v2\/comments?post=527"}],"version-history":[{"count":2,"href":"https:\/\/www.mbmwestra.cz\/en\/wp-json\/wp\/v2\/pages\/527\/revisions"}],"predecessor-version":[{"id":643,"href":"https:\/\/www.mbmwestra.cz\/en\/wp-json\/wp\/v2\/pages\/527\/revisions\/643"}],"wp:attachment":[{"href":"https:\/\/www.mbmwestra.cz\/en\/wp-json\/wp\/v2\/media?parent=527"}],"curies":[{"name":"wp","href":"https:\/\/api.w.org\/{rel}","templated":true}]}}